{"id":753,"date":"2022-05-12T07:17:40","date_gmt":"2022-05-12T07:17:40","guid":{"rendered":"https:\/\/kmetija-flander.si\/zimmer\/"},"modified":"2026-02-13T09:30:05","modified_gmt":"2026-02-13T09:30:05","slug":"zimmer","status":"publish","type":"page","link":"https:\/\/kmetija-flander.si\/de\/zimmer\/","title":{"rendered":"Zimmer"},"content":{"rendered":"<p>[et_pb_section fb_built=&#8220;1&#8243; _builder_version=&#8220;4.16&#8243; _module_preset=&#8220;default&#8220; custom_margin=&#8220;0px|0px|0px|0px|false|false&#8220; custom_padding=&#8220;0px|0px|0px|0px|false|false&#8220; bottom_divider_color=&#8220;#FFFFFF&#8220; bottom_divider_height=&#8220;30px&#8220; bottom_divider_arrangement=&#8220;above_content&#8220; bottom_divider_height_tablet=&#8220;30px&#8220; bottom_divider_height_phone=&#8220;15px&#8220; bottom_divider_height_last_edited=&#8220;on|desktop&#8220; global_colors_info=&#8220;{}&#8220;][et_pb_row _builder_version=&#8220;4.16&#8243; _module_preset=&#8220;default&#8220; width=&#8220;100%&#8220; custom_margin=&#8220;0px|0px|0px|0px|false|false&#8220; custom_padding=&#8220;0px|0px|0px|0px|false|false&#8220; global_colors_info=&#8220;{}&#8220;][et_pb_column type=&#8220;4_4&#8243; _builder_version=&#8220;4.16&#8243; _module_preset=&#8220;default&#8220; global_colors_info=&#8220;{}&#8220;][et_pb_image src=&#8220;https:\/\/kmetija-flander.si\/wp-content\/uploads\/2022\/05\/naslovna-sobe.jpg&#8220; title_text=&#8220;naslovna-sobe&#8220; _builder_version=&#8220;4.16&#8243; _module_preset=&#8220;default&#8220; global_colors_info=&#8220;{}&#8220;][\/et_pb_image][\/et_pb_column][\/et_pb_row][\/et_pb_section][et_pb_section fb_built=&#8220;1&#8243; _builder_version=&#8220;4.16&#8243; _module_preset=&#8220;default&#8220; background_image=&#8220;https:\/\/kmetija-flander.si\/wp-content\/uploads\/2022\/04\/divider-repeat-final-1.png&#8220; background_size=&#8220;initial&#8220; background_position=&#8220;top_left&#8220; background_repeat=&#8220;repeat-x&#8220; custom_margin=&#8220;-28px|0px|0px|0px|false|false&#8220; custom_padding=&#8220;80px|0px|50px|0px|false|false&#8220; bottom_divider_style=&#8220;curve&#8220; bottom_divider_color=&#8220;#FFFFFF&#8220; box_shadow_style=&#8220;preset3&#8243; box_shadow_vertical=&#8220;-12px&#8220; box_shadow_blur=&#8220;40px&#8220; box_shadow_spread=&#8220;-23px&#8220; global_colors_info=&#8220;{}&#8220;][et_pb_row _builder_version=&#8220;4.16&#8243; _module_preset=&#8220;default&#8220; width=&#8220;100%&#8220; custom_margin=&#8220;0px|0px|0px|0px|false|false&#8220; custom_padding=&#8220;0px|0px|0px|0px|false|false&#8220; global_colors_info=&#8220;{}&#8220; column_structure=&#8220;1_2,1_2&#8243;][et_pb_column type=&#8220;1_2&#8243; _builder_version=&#8220;4.16&#8243; _module_preset=&#8220;default&#8220; custom_padding=&#8220;|30px||30px|false|false&#8220; global_colors_info=&#8220;{}&#8220;][et_pb_text _builder_version=&#8220;4.16&#8243; _module_preset=&#8220;default&#8220; text_font=&#8220;|300|||||||&#8220; text_text_color=&#8220;#1b1b1b&#8220; text_font_size=&#8220;16px&#8220; text_line_height=&#8220;1.8em&#8220; header_2_font_size=&#8220;48px&#8220; max_width=&#8220;90%&#8220; module_alignment=&#8220;center&#8220; custom_margin=&#8220;0px|0px|0px|0px|false|false&#8220; custom_padding=&#8220;0px|0px|0px|0px|false|false&#8220; global_colors_info=&#8220;{}&#8220;]<\/p>\n<h2 style=\"text-align: left;\">Zimmer<\/h2>\n<p><img loading=\"lazy\" decoding=\"async\" class=\"wp-image-116 alignnone size-full\" src=\"https:\/\/kmetija-flander.si\/wp-content\/uploads\/2022\/04\/divider-half.png\" alt=\"\" width=\"99\" height=\"38\" \/><\/p>\n<p><em>F\u00fcr einen angenehmen Aufenthalt bei uns gibt es Dreibett-, Doppel- und Einzelzimmer mit der M\u00f6glichkeit, im Garten oder im Speisesaal zu fr\u00fchst\u00fccken und zu Abend zu essen.<\/em><\/p>\n<div class=\"img-cont-ul mb\">\n<div class=\"img-cont-t\">\n<p><em>R\u00e4ume mit:<\/em><\/p>\n<ul>\n<li><em>KTV<\/em><\/li>\n<li><em>safe<\/em><\/li>\n<li><em>wireless internet<\/em><\/li>\n<\/ul>\n<\/div>\n<\/div>\n<div class=\"img-cont-ul\">\n<div class=\"img-cont-t\">\n<div class=\"img-cont-t\">\n<p><em>Badezimmer mit:<\/em><\/p>\n<ul>\n<li><em>dusche<\/em><\/li>\n<li><em>WC<\/em><\/li>\n<li><em>handt\u00fccher<\/em><\/li>\n<li><em>seife<\/em><\/li>\n<li><em>shampoos<\/em><\/li>\n<\/ul>\n<\/div>\n<\/div>\n<\/div>\n<p><em>Babybett, Kinderbadewanne und Kinderspielecke im Innen- und Au\u00dfenbereich vorhanden.<\/em>[\/et_pb_text][et_pb_code _builder_version=&#8220;4.17.4&#8243; _module_preset=&#8220;default&#8220; text_orientation=&#8220;center&#8220; module_alignment=&#8220;center&#8220; custom_margin=&#8220;20px|0px|20px|25px|false|false&#8220; locked=&#8220;off&#8220; global_colors_info=&#8220;{}&#8220;]<script async src=\"https:\/\/badge.hotelstatic.com\/embed.js\" data-url=\"https:\/\/www.booking.com\/hotel\/si\/farm-pri-flandru.html\" data-size=\"81\" data-position=\"inline\" data-clickable=\"false\"><\/script>[\/et_pb_code][et_pb_button button_url=&#8220;#book&#8220; button_text=&#8220;Buchung&#8220; button_alignment=&#8220;center&#8220; _builder_version=&#8220;4.16&#8243; _module_preset=&#8220;default&#8220; custom_button=&#8220;on&#8220; button_text_size=&#8220;16px&#8220; button_text_color=&#8220;#FFFFFF&#8220; button_bg_color=&#8220;gcid-107301ef-d930-40dc-9a4d-34e7f3d79ba4&#8243; button_border_width=&#8220;0px&#8220; button_border_radius=&#8220;15px&#8220; button_letter_spacing=&#8220;1px&#8220; button_font=&#8220;|600|on||||||&#8220; button_icon=&#8220;&#x37;||divi||400&#8243; button_on_hover=&#8220;off&#8220; custom_margin=&#8220;20px|||25px|false|false&#8220; custom_padding=&#8220;8px|37px|8px|25px|false|false&#8220; box_shadow_style=&#8220;preset3&#8243; box_shadow_vertical=&#8220;10px&#8220; box_shadow_blur=&#8220;12px&#8220; box_shadow_color=&#8220;rgba(0,0,0,0.2)&#8220; locked=&#8220;off&#8220; global_colors_info=&#8220;{%22gcid-107301ef-d930-40dc-9a4d-34e7f3d79ba4%22:%91%22button_bg_color%22%93}&#8220; button_bg_color__hover_enabled=&#8220;on|desktop&#8220; button_bg_color__hover=&#8220;#5b8039&#8243; button_bg_enable_color__hover=&#8220;on&#8220;][\/et_pb_button][\/et_pb_column][et_pb_column type=&#8220;1_2&#8243; _builder_version=&#8220;4.16&#8243; _module_preset=&#8220;default&#8220; custom_padding=&#8220;|30px||30px|false|false&#8220; global_colors_info=&#8220;{}&#8220;][et_pb_text _builder_version=&#8220;4.27.4&#8243; _module_preset=&#8220;default&#8220; text_font=&#8220;|300|||||||&#8220; text_text_color=&#8220;#1b1b1b&#8220; text_font_size=&#8220;16px&#8220; text_line_height=&#8220;1.8em&#8220; header_2_font_size=&#8220;48px&#8220; max_width=&#8220;90%&#8220; module_alignment=&#8220;center&#8220; custom_margin=&#8220;0px|0px|0px|0px|false|false&#8220; custom_padding=&#8220;0px|0px|0px|0px|false|false&#8220; hover_enabled=&#8220;0&#8243; global_colors_info=&#8220;{}&#8220; sticky_enabled=&#8220;0&#8243;]<\/p>\n<h2 style=\"text-align: left;\">Preisliste<\/h2>\n<p><img loading=\"lazy\" decoding=\"async\" src=\"https:\/\/kmetija-flander.si\/wp-content\/uploads\/2022\/04\/divider-half.png\" width=\"99\" height=\"38\" alt=\"\" class=\"wp-image-116 alignnone size-full\" \/><\/p>\n<p><strong><em>Preis pro Person\/Nacht<\/em><\/strong><\/p>\n<h4><strong><em>SAISON (25.4. bis 30.9.)<\/em><\/strong><\/h4>\n<ul>\n<li><em>\u00dcbernachtung mit Fr\u00fchst\u00fcck (mind. 2 N\u00e4chte) 57\u20ac<\/em><\/li>\n<li><em>Halbpension (mind. 2 N\u00e4chte) 77\u20ac<\/em><\/li>\n<li><em>\u00dcbernachtung mit Fr\u00fchst\u00fcck (3 N\u00e4chte oder mehr) 50\u20ac<\/em><\/li>\n<li><em>Halbpension (3 N\u00e4chte oder mehr) 70\u20ac<\/em><\/li>\n<\/ul>\n<h4><strong><em>NEBENSAISON (3.1. bis 24.4. und 1.10. bis 20.12.)<\/em><\/strong><\/h4>\n<ul>\n<li><em>\u00dcbernachtung mit Fr\u00fchst\u00fcck (mind. 2 N\u00e4chte oder mehr) 40\u20ac<\/em><\/li>\n<li><em>Halbpension (mind. 2 N\u00e4chte oder mehr) 60\u20ac<\/em><\/li>\n<\/ul>\n<p><em>Geschenkgutscheine in gew\u00fcnschter H\u00f6he erh\u00e4ltlich.<\/em><\/p>\n<p>[\/et_pb_text][et_pb_image src=&#8220;https:\/\/kmetija-flander.si\/wp-content\/uploads\/2026\/02\/darilni-boni.jpg&#8220; _builder_version=&#8220;4.27.4&#8243; _module_preset=&#8220;default&#8220; title_text=&#8220;darilni-boni&#8220; align=&#8220;center&#8220; width=&#8220;250px&#8220; custom_margin=&#8220;30px||||false|false&#8220; hover_enabled=&#8220;0&#8243; sticky_enabled=&#8220;0&#8243; locked=&#8220;off&#8220;][\/et_pb_image][\/et_pb_column][\/et_pb_row][\/et_pb_section][et_pb_section fb_built=&#8220;1&#8243; _builder_version=&#8220;4.16&#8243; _module_preset=&#8220;default&#8220; background_enable_image=&#8220;off&#8220; background_size=&#8220;initial&#8220; background_position=&#8220;top_left&#8220; background_repeat=&#8220;repeat-x&#8220; custom_margin=&#8220;0px|0px|0px|0px|false|false&#8220; custom_padding=&#8220;0px|0px|0px|0px|false|false&#8220; bottom_divider_style=&#8220;curve&#8220; bottom_divider_color=&#8220;#FFFFFF&#8220; box_shadow_style=&#8220;preset3&#8243; box_shadow_vertical=&#8220;-12px&#8220; box_shadow_blur=&#8220;40px&#8220; box_shadow_spread=&#8220;-23px&#8220; global_colors_info=&#8220;{}&#8220;][et_pb_row _builder_version=&#8220;4.16&#8243; _module_preset=&#8220;default&#8220; width=&#8220;100%&#8220; custom_margin=&#8220;0px|0px|0px|0px|false|false&#8220; custom_padding=&#8220;0px|0px|0px|0px|false|false&#8220; global_colors_info=&#8220;{}&#8220;][et_pb_column type=&#8220;4_4&#8243; _builder_version=&#8220;4.16&#8243; _module_preset=&#8220;default&#8220; custom_padding=&#8220;||||false|false&#8220; global_colors_info=&#8220;{}&#8220;][et_pb_image src=&#8220;https:\/\/kmetija-flander.si\/wp-content\/uploads\/2022\/05\/tourist-farm-pri-flandru_21-xlarge.jpeg&#8220; title_text=&#8220;tourist-farm-pri-flandru_21-xlarge&#8220; show_bottom_space=&#8220;off&#8220; force_fullwidth=&#8220;on&#8220; _builder_version=&#8220;4.16&#8243; _module_preset=&#8220;default&#8220; custom_margin=&#8220;0px|0px|0px|0px|false|false&#8220; custom_padding=&#8220;0px|0px|0px|0px|false|false&#8220; global_colors_info=&#8220;{}&#8220;][\/et_pb_image][\/et_pb_column][\/et_pb_row][\/et_pb_section][et_pb_section fb_built=&#8220;1&#8243; module_id=&#8220;book&#8220; _builder_version=&#8220;4.16&#8243; _module_preset=&#8220;default&#8220; background_image=&#8220;https:\/\/kmetija-flander.si\/wp-content\/uploads\/2022\/04\/divider-repeat-final-1.png&#8220; background_size=&#8220;initial&#8220; background_position=&#8220;top_left&#8220; background_repeat=&#8220;repeat-x&#8220; custom_margin=&#8220;0px|0px|0px|0px|false|false&#8220; custom_padding=&#8220;80px|0px|80px|0px|true|false&#8220; bottom_divider_style=&#8220;curve&#8220; bottom_divider_color=&#8220;#FFFFFF&#8220; box_shadow_style=&#8220;preset3&#8243; box_shadow_vertical=&#8220;-12px&#8220; box_shadow_blur=&#8220;40px&#8220; box_shadow_spread=&#8220;-23px&#8220; locked=&#8220;off&#8220; global_colors_info=&#8220;{}&#8220;][et_pb_row _builder_version=&#8220;4.16&#8243; _module_preset=&#8220;default&#8220; width=&#8220;100%&#8220; custom_margin=&#8220;0px|0px|-29px|0px|false|false&#8220; custom_padding=&#8220;0px|0px|0px|0px|false|false&#8220; global_colors_info=&#8220;{}&#8220;][et_pb_column type=&#8220;4_4&#8243; _builder_version=&#8220;4.16&#8243; _module_preset=&#8220;default&#8220; custom_padding=&#8220;|30px||30px|false|false&#8220; global_colors_info=&#8220;{}&#8220;][et_pb_code _builder_version=&#8220;4.16&#8243; _module_preset=&#8220;default&#8220; max_width=&#8220;80%&#8220; max_width_tablet=&#8220;80%&#8220; max_width_phone=&#8220;90%&#8220; max_width_last_edited=&#8220;on|phone&#8220; module_alignment=&#8220;center&#8220; module_alignment_last_edited=&#8220;off|desktop&#8220; global_colors_info=&#8220;{}&#8220;]<script src=\"\/\/www.bentral.com\/service\/embed\/booking.js?id=5f7a417a4e415f4d&#038;unit=5f7a51794f415f4e&#038;title=1&#038;width=full&#038;header-bg=5b8039&#038;header-color=fefefe&#038;header2-bg=9dc27c&#038;header2-color=ffffff&#038;table-bg=ffffff&#038;table-color=003300&#038;btn-bg=daecdb&#038;btn-color=003300&#038;border-color=86bb89&#038;poweredby=0&#038;lang=de&#038;key=5fbf1ab3575bdc621764bed59d349088\"><\/script>[\/et_pb_code][\/et_pb_column][\/et_pb_row][\/et_pb_section][et_pb_section fb_built=&#8220;1&#8243; _builder_version=&#8220;4.16&#8243; _module_preset=&#8220;default&#8220; custom_padding=&#8220;0px||0px|||&#8220; global_colors_info=&#8220;{}&#8220;][et_pb_row _builder_version=&#8220;4.16&#8243; _module_preset=&#8220;default&#8220; width=&#8220;100%&#8220; custom_margin=&#8220;0px|0px|0px|0px|false|false&#8220; custom_padding=&#8220;5px|5px|5px|5px|false|false&#8220; global_colors_info=&#8220;{}&#8220;][et_pb_column type=&#8220;4_4&#8243; _builder_version=&#8220;4.16&#8243; _module_preset=&#8220;default&#8220; global_colors_info=&#8220;{}&#8220;][et_pb_gallery gallery_ids=&#8220;606,603,612,609&#8243; show_title_and_caption=&#8220;off&#8220; show_pagination=&#8220;off&#8220; _builder_version=&#8220;4.16&#8243; _module_preset=&#8220;default&#8220; custom_margin=&#8220;0px|0px|0px|0px|false|false&#8220; custom_padding=&#8220;0px|0px|0px|0px|false|false&#8220; border_width_all_image=&#8220;10px&#8220; border_color_all_image=&#8220;#FFFFFF&#8220; border_color_top_image=&#8220;#FFFFFF&#8220; global_colors_info=&#8220;{}&#8220;][\/et_pb_gallery][\/et_pb_column][\/et_pb_row][\/et_pb_section]<\/p>\n","protected":false},"excerpt":{"rendered":"<p>Zimmer F\u00fcr einen angenehmen Aufenthalt bei uns gibt es Dreibett-, Doppel- und Einzelzimmer mit der M\u00f6glichkeit, im Garten oder im Speisesaal zu fr\u00fchst\u00fccken und zu Abend zu essen. R\u00e4ume mit: KTV safe wireless internet Badezimmer mit: dusche WC handt\u00fccher seife shampoos Babybett, Kinderbadewanne und Kinderspielecke im Innen- und Au\u00dfenbereich vorhanden.Preisliste Preis pro Person\/Nacht SAISON (25.4. [&hellip;]<\/p>\n","protected":false},"author":1,"featured_media":0,"parent":0,"menu_order":0,"comment_status":"closed","ping_status":"closed","template":"","meta":{"_et_pb_use_builder":"on","_et_pb_old_content":"","_et_gb_content_width":"","footnotes":""},"class_list":["post-753","page","type-page","status-publish","hentry"],"yoast_head":"<!-- This site is optimized with the Yoast SEO plugin v27.4 - https:\/\/yoast.com\/product\/yoast-seo-wordpress\/ -->\n<title>Zimmer - Turisti\u010dna kmetija &quot;Pri Flandru&quot; - Zakojca, Slovenija<\/title>\n<meta name=\"description\" content=\"F\u00fcr einen angenehmen Aufenthalt auf unserem touristischen Bauernhof stehen Dreibett-, Doppel- und Einzelzimmer mit Fr\u00fchst\u00fccks- und Abendessensm\u00f6glichkeit zur Verf\u00fcgung.\" \/>\n<meta name=\"robots\" content=\"index, follow, max-snippet:-1, max-image-preview:large, max-video-preview:-1\" \/>\n<link rel=\"canonical\" href=\"https:\/\/kmetija-flander.si\/de\/zimmer\/\" \/>\n<meta property=\"og:locale\" content=\"de_DE\" \/>\n<meta property=\"og:type\" content=\"article\" \/>\n<meta property=\"og:title\" content=\"Zimmer - Turisti\u010dna kmetija &quot;Pri Flandru&quot; - Zakojca, Slovenija\" \/>\n<meta property=\"og:description\" content=\"F\u00fcr einen angenehmen Aufenthalt auf unserem touristischen Bauernhof stehen Dreibett-, Doppel- und Einzelzimmer mit Fr\u00fchst\u00fccks- und Abendessensm\u00f6glichkeit zur Verf\u00fcgung.\" \/>\n<meta property=\"og:url\" content=\"https:\/\/kmetija-flander.si\/de\/zimmer\/\" \/>\n<meta property=\"og:site_name\" content=\"Turisti\u010dna kmetija &quot;Pri Flandru&quot; - Zakojca, Slovenija\" \/>\n<meta property=\"article:modified_time\" content=\"2026-02-13T09:30:05+00:00\" \/>\n<meta property=\"og:image\" content=\"https:\/\/kmetija-flander.si\/wp-content\/uploads\/2022\/04\/divider-half.png\" \/>\n<meta name=\"twitter:card\" content=\"summary_large_image\" \/>\n<meta name=\"twitter:label1\" content=\"Gesch\u00e4tzte Lesezeit\" \/>\n\t<meta name=\"twitter:data1\" content=\"2\u00a0Minuten\" \/>\n<script type=\"application\/ld+json\" class=\"yoast-schema-graph\">{\"@context\":\"https:\\\/\\\/schema.org\",\"@graph\":[{\"@type\":\"WebPage\",\"@id\":\"https:\\\/\\\/kmetija-flander.si\\\/de\\\/zimmer\\\/\",\"url\":\"https:\\\/\\\/kmetija-flander.si\\\/de\\\/zimmer\\\/\",\"name\":\"Zimmer - Turisti\u010dna kmetija &quot;Pri Flandru&quot; - Zakojca, Slovenija\",\"isPartOf\":{\"@id\":\"https:\\\/\\\/kmetija-flander.si\\\/de\\\/#website\"},\"primaryImageOfPage\":{\"@id\":\"https:\\\/\\\/kmetija-flander.si\\\/de\\\/zimmer\\\/#primaryimage\"},\"image\":{\"@id\":\"https:\\\/\\\/kmetija-flander.si\\\/de\\\/zimmer\\\/#primaryimage\"},\"thumbnailUrl\":\"https:\\\/\\\/kmetija-flander.si\\\/wp-content\\\/uploads\\\/2022\\\/04\\\/divider-half.png\",\"datePublished\":\"2022-05-12T07:17:40+00:00\",\"dateModified\":\"2026-02-13T09:30:05+00:00\",\"description\":\"F\u00fcr einen angenehmen Aufenthalt auf unserem touristischen Bauernhof stehen Dreibett-, Doppel- und Einzelzimmer mit Fr\u00fchst\u00fccks- und Abendessensm\u00f6glichkeit zur Verf\u00fcgung.\",\"breadcrumb\":{\"@id\":\"https:\\\/\\\/kmetija-flander.si\\\/de\\\/zimmer\\\/#breadcrumb\"},\"inLanguage\":\"de\",\"potentialAction\":[{\"@type\":\"ReadAction\",\"target\":[\"https:\\\/\\\/kmetija-flander.si\\\/de\\\/zimmer\\\/\"]}]},{\"@type\":\"ImageObject\",\"inLanguage\":\"de\",\"@id\":\"https:\\\/\\\/kmetija-flander.si\\\/de\\\/zimmer\\\/#primaryimage\",\"url\":\"https:\\\/\\\/kmetija-flander.si\\\/wp-content\\\/uploads\\\/2022\\\/04\\\/divider-half.png\",\"contentUrl\":\"https:\\\/\\\/kmetija-flander.si\\\/wp-content\\\/uploads\\\/2022\\\/04\\\/divider-half.png\"},{\"@type\":\"BreadcrumbList\",\"@id\":\"https:\\\/\\\/kmetija-flander.si\\\/de\\\/zimmer\\\/#breadcrumb\",\"itemListElement\":[{\"@type\":\"ListItem\",\"position\":1,\"name\":\"Home\",\"item\":\"https:\\\/\\\/kmetija-flander.si\\\/de\\\/\"},{\"@type\":\"ListItem\",\"position\":2,\"name\":\"Zimmer\"}]},{\"@type\":\"WebSite\",\"@id\":\"https:\\\/\\\/kmetija-flander.si\\\/de\\\/#website\",\"url\":\"https:\\\/\\\/kmetija-flander.si\\\/de\\\/\",\"name\":\"Turisti\u010dna kmetija &quot;Pri Flandru&quot; - Zakojca, Slovenija\",\"description\":\"Dobrodo\u0161li! \\\/ Welcome!\",\"potentialAction\":[{\"@type\":\"SearchAction\",\"target\":{\"@type\":\"EntryPoint\",\"urlTemplate\":\"https:\\\/\\\/kmetija-flander.si\\\/de\\\/?s={search_term_string}\"},\"query-input\":{\"@type\":\"PropertyValueSpecification\",\"valueRequired\":true,\"valueName\":\"search_term_string\"}}],\"inLanguage\":\"de\"}]}<\/script>\n<!-- \/ Yoast SEO plugin. -->","yoast_head_json":{"title":"Zimmer - Turisti\u010dna kmetija &quot;Pri Flandru&quot; - Zakojca, Slovenija","description":"F\u00fcr einen angenehmen Aufenthalt auf unserem touristischen Bauernhof stehen Dreibett-, Doppel- und Einzelzimmer mit Fr\u00fchst\u00fccks- und Abendessensm\u00f6glichkeit zur Verf\u00fcgung.","robots":{"index":"index","follow":"follow","max-snippet":"max-snippet:-1","max-image-preview":"max-image-preview:large","max-video-preview":"max-video-preview:-1"},"canonical":"https:\/\/kmetija-flander.si\/de\/zimmer\/","og_locale":"de_DE","og_type":"article","og_title":"Zimmer - Turisti\u010dna kmetija &quot;Pri Flandru&quot; - Zakojca, Slovenija","og_description":"F\u00fcr einen angenehmen Aufenthalt auf unserem touristischen Bauernhof stehen Dreibett-, Doppel- und Einzelzimmer mit Fr\u00fchst\u00fccks- und Abendessensm\u00f6glichkeit zur Verf\u00fcgung.","og_url":"https:\/\/kmetija-flander.si\/de\/zimmer\/","og_site_name":"Turisti\u010dna kmetija &quot;Pri Flandru&quot; - Zakojca, Slovenija","article_modified_time":"2026-02-13T09:30:05+00:00","og_image":[{"url":"https:\/\/kmetija-flander.si\/wp-content\/uploads\/2022\/04\/divider-half.png","type":"","width":"","height":""}],"twitter_card":"summary_large_image","twitter_misc":{"Gesch\u00e4tzte Lesezeit":"2\u00a0Minuten"},"schema":{"@context":"https:\/\/schema.org","@graph":[{"@type":"WebPage","@id":"https:\/\/kmetija-flander.si\/de\/zimmer\/","url":"https:\/\/kmetija-flander.si\/de\/zimmer\/","name":"Zimmer - Turisti\u010dna kmetija &quot;Pri Flandru&quot; - Zakojca, Slovenija","isPartOf":{"@id":"https:\/\/kmetija-flander.si\/de\/#website"},"primaryImageOfPage":{"@id":"https:\/\/kmetija-flander.si\/de\/zimmer\/#primaryimage"},"image":{"@id":"https:\/\/kmetija-flander.si\/de\/zimmer\/#primaryimage"},"thumbnailUrl":"https:\/\/kmetija-flander.si\/wp-content\/uploads\/2022\/04\/divider-half.png","datePublished":"2022-05-12T07:17:40+00:00","dateModified":"2026-02-13T09:30:05+00:00","description":"F\u00fcr einen angenehmen Aufenthalt auf unserem touristischen Bauernhof stehen Dreibett-, Doppel- und Einzelzimmer mit Fr\u00fchst\u00fccks- und Abendessensm\u00f6glichkeit zur Verf\u00fcgung.","breadcrumb":{"@id":"https:\/\/kmetija-flander.si\/de\/zimmer\/#breadcrumb"},"inLanguage":"de","potentialAction":[{"@type":"ReadAction","target":["https:\/\/kmetija-flander.si\/de\/zimmer\/"]}]},{"@type":"ImageObject","inLanguage":"de","@id":"https:\/\/kmetija-flander.si\/de\/zimmer\/#primaryimage","url":"https:\/\/kmetija-flander.si\/wp-content\/uploads\/2022\/04\/divider-half.png","contentUrl":"https:\/\/kmetija-flander.si\/wp-content\/uploads\/2022\/04\/divider-half.png"},{"@type":"BreadcrumbList","@id":"https:\/\/kmetija-flander.si\/de\/zimmer\/#breadcrumb","itemListElement":[{"@type":"ListItem","position":1,"name":"Home","item":"https:\/\/kmetija-flander.si\/de\/"},{"@type":"ListItem","position":2,"name":"Zimmer"}]},{"@type":"WebSite","@id":"https:\/\/kmetija-flander.si\/de\/#website","url":"https:\/\/kmetija-flander.si\/de\/","name":"Turisti\u010dna kmetija &quot;Pri Flandru&quot; - Zakojca, Slovenija","description":"Dobrodo\u0161li! \/ Welcome!","potentialAction":[{"@type":"SearchAction","target":{"@type":"EntryPoint","urlTemplate":"https:\/\/kmetija-flander.si\/de\/?s={search_term_string}"},"query-input":{"@type":"PropertyValueSpecification","valueRequired":true,"valueName":"search_term_string"}}],"inLanguage":"de"}]}},"_links":{"self":[{"href":"https:\/\/kmetija-flander.si\/de\/wp-json\/wp\/v2\/pages\/753","targetHints":{"allow":["GET"]}}],"collection":[{"href":"https:\/\/kmetija-flander.si\/de\/wp-json\/wp\/v2\/pages"}],"about":[{"href":"https:\/\/kmetija-flander.si\/de\/wp-json\/wp\/v2\/types\/page"}],"author":[{"embeddable":true,"href":"https:\/\/kmetija-flander.si\/de\/wp-json\/wp\/v2\/users\/1"}],"replies":[{"embeddable":true,"href":"https:\/\/kmetija-flander.si\/de\/wp-json\/wp\/v2\/comments?post=753"}],"version-history":[{"count":6,"href":"https:\/\/kmetija-flander.si\/de\/wp-json\/wp\/v2\/pages\/753\/revisions"}],"predecessor-version":[{"id":1087,"href":"https:\/\/kmetija-flander.si\/de\/wp-json\/wp\/v2\/pages\/753\/revisions\/1087"}],"wp:attachment":[{"href":"https:\/\/kmetija-flander.si\/de\/wp-json\/wp\/v2\/media?parent=753"}],"curies":[{"name":"wp","href":"https:\/\/api.w.org\/{rel}","templated":true}]}}