{"id":756,"date":"2022-05-12T08:04:13","date_gmt":"2022-05-12T08:04:13","guid":{"rendered":"https:\/\/kmetija-flander.si\/attraktionen-und-aktivitaeten\/"},"modified":"2026-02-13T10:20:31","modified_gmt":"2026-02-13T10:20:31","slug":"attraktionen-und-aktivitaeten","status":"publish","type":"page","link":"https:\/\/kmetija-flander.si\/de\/attraktionen-und-aktivitaeten\/","title":{"rendered":"Attraktionen und Aktivit\u00e4ten"},"content":{"rendered":"<p>[et_pb_section fb_built=&#8220;1&#8243; _builder_version=&#8220;4.16&#8243; _module_preset=&#8220;default&#8220; custom_margin=&#8220;0px|0px|0px|0px|false|false&#8220; custom_padding=&#8220;0px|0px|0px|0px|false|false&#8220; bottom_divider_color=&#8220;#FFFFFF&#8220; bottom_divider_height=&#8220;30px&#8220; bottom_divider_arrangement=&#8220;above_content&#8220; bottom_divider_height_tablet=&#8220;30px&#8220; bottom_divider_height_phone=&#8220;15px&#8220; bottom_divider_height_last_edited=&#8220;on|desktop&#8220; global_colors_info=&#8220;{}&#8220;][et_pb_row _builder_version=&#8220;4.16&#8243; _module_preset=&#8220;default&#8220; width=&#8220;100%&#8220; custom_margin=&#8220;0px|0px|0px|0px|false|false&#8220; custom_padding=&#8220;0px|0px|0px|0px|false|false&#8220; global_colors_info=&#8220;{}&#8220;][et_pb_column type=&#8220;4_4&#8243; _builder_version=&#8220;4.16&#8243; _module_preset=&#8220;default&#8220; global_colors_info=&#8220;{}&#8220;][et_pb_image src=&#8220;https:\/\/kmetija-flander.si\/wp-content\/uploads\/2022\/05\/naslovna_zanimivosti.jpeg&#8220; title_text=&#8220;naslovna_zanimivosti&#8220; _builder_version=&#8220;4.16&#8243; _module_preset=&#8220;default&#8220; global_colors_info=&#8220;{}&#8220;][\/et_pb_image][\/et_pb_column][\/et_pb_row][\/et_pb_section][et_pb_section fb_built=&#8220;1&#8243; _builder_version=&#8220;4.16&#8243; _module_preset=&#8220;default&#8220; background_image=&#8220;https:\/\/kmetija-flander.si\/wp-content\/uploads\/2022\/04\/divider-repeat-final-1.png&#8220; background_size=&#8220;initial&#8220; background_position=&#8220;top_left&#8220; background_repeat=&#8220;repeat-x&#8220; custom_margin=&#8220;-28px|0px|0px|0px|false|false&#8220; custom_padding=&#8220;80px|0px|50px|0px|false|false&#8220; bottom_divider_style=&#8220;curve&#8220; bottom_divider_color=&#8220;#FFFFFF&#8220; box_shadow_style=&#8220;preset3&#8243; box_shadow_vertical=&#8220;-12px&#8220; box_shadow_blur=&#8220;40px&#8220; box_shadow_spread=&#8220;-23px&#8220; global_colors_info=&#8220;{}&#8220;][et_pb_row _builder_version=&#8220;4.16&#8243; _module_preset=&#8220;default&#8220; width=&#8220;100%&#8220; custom_margin=&#8220;0px|0px|0px|0px|false|false&#8220; custom_padding=&#8220;0px|0px|0px|0px|false|false&#8220; global_colors_info=&#8220;{}&#8220;][et_pb_column type=&#8220;4_4&#8243; _builder_version=&#8220;4.16&#8243; _module_preset=&#8220;default&#8220; custom_padding=&#8220;|30px||30px|false|false&#8220; global_colors_info=&#8220;{}&#8220;][et_pb_text _builder_version=&#8220;4.16&#8243; _module_preset=&#8220;default&#8220; text_font=&#8220;|300|||||||&#8220; text_text_color=&#8220;#1b1b1b&#8220; text_font_size=&#8220;16px&#8220; text_line_height=&#8220;1.8em&#8220; header_2_font_size=&#8220;48px&#8220; max_width=&#8220;90%&#8220; module_alignment=&#8220;center&#8220; custom_margin=&#8220;0px|0px|0px|0px|false|false&#8220; custom_padding=&#8220;0px|0px|0px|0px|false|false&#8220; global_colors_info=&#8220;{}&#8220;]<\/p>\n<h2 style=\"text-align: left;\">Attraktionen &amp; Aktivit\u00e4ten<\/h2>\n<p><img loading=\"lazy\" decoding=\"async\" class=\"wp-image-116 alignnone size-full\" src=\"https:\/\/kmetija-flander.si\/wp-content\/uploads\/2022\/04\/divider-half.png\" alt=\"\" width=\"99\" height=\"38\" \/><\/p>\n<p><em>Sie sind eingeladen, K\u00f6rper und Seele baumeln zu lassen \u2013 sei es bei einem leichten Morgenspaziergang oder bei einer ganzt\u00e4gigen H\u00f6henwanderung auf den\u00a0<strong>KOJCA (1303 m)<\/strong>,\u00a0<strong>POREZEN (1632 m)<\/strong>\u00a0oder\u00a0<strong>\u010cRNA PRST (1844 m)<\/strong>.<\/em><\/p>\n<p><em><span style=\"font-size: 16px;\">Eine nette \u00dcberraschung, besonders f\u00fcr die Kinder,\u00a0<strong>sind die Pferde<\/strong>, die alle ruhig im\u00a0<strong>Sattel<\/strong>\u00a0oder in der\u00a0<strong>Kutsche gehen<\/strong>. Wir f\u00fchren erfahrene Reiter auch auf Ausritten durch die sch\u00f6ne Gegend.<\/span><\/em>[\/et_pb_text][\/et_pb_column][\/et_pb_row][\/et_pb_section][et_pb_section fb_built=&#8220;1&#8243; _builder_version=&#8220;4.16&#8243; _module_preset=&#8220;default&#8220; background_enable_image=&#8220;off&#8220; background_size=&#8220;initial&#8220; background_position=&#8220;top_left&#8220; background_repeat=&#8220;repeat-x&#8220; custom_margin=&#8220;0px|0px|0px|0px|false|false&#8220; custom_padding=&#8220;0px|0px|0px|0px|false|false&#8220; bottom_divider_style=&#8220;curve&#8220; bottom_divider_color=&#8220;#FFFFFF&#8220; box_shadow_style=&#8220;preset3&#8243; box_shadow_vertical=&#8220;-12px&#8220; box_shadow_blur=&#8220;40px&#8220; box_shadow_spread=&#8220;-23px&#8220; global_colors_info=&#8220;{}&#8220;][et_pb_row _builder_version=&#8220;4.16&#8243; _module_preset=&#8220;default&#8220; width=&#8220;100%&#8220; custom_margin=&#8220;0px|0px|0px|0px|false|false&#8220; custom_padding=&#8220;0px|0px|0px|0px|false|false&#8220; global_colors_info=&#8220;{}&#8220;][et_pb_column type=&#8220;4_4&#8243; _builder_version=&#8220;4.16&#8243; _module_preset=&#8220;default&#8220; custom_padding=&#8220;||||false|false&#8220; global_colors_info=&#8220;{}&#8220;][et_pb_image src=&#8220;https:\/\/kmetija-flander.si\/wp-content\/uploads\/2022\/04\/97377511_1317892155063264_2456803958547546112_n.jpeg&#8220; title_text=&#8220;97377511_1317892155063264_2456803958547546112_n&#8220; show_bottom_space=&#8220;off&#8220; force_fullwidth=&#8220;on&#8220; _builder_version=&#8220;4.16&#8243; _module_preset=&#8220;default&#8220; custom_margin=&#8220;0px|0px|0px|0px|false|false&#8220; custom_padding=&#8220;0px|0px|0px|0px|false|false&#8220; global_colors_info=&#8220;{}&#8220;][\/et_pb_image][\/et_pb_column][\/et_pb_row][\/et_pb_section][et_pb_section fb_built=&#8220;1&#8243; _builder_version=&#8220;4.16&#8243; _module_preset=&#8220;default&#8220; background_image=&#8220;https:\/\/kmetija-flander.si\/wp-content\/uploads\/2022\/04\/divider-repeat-final-1.png&#8220; background_size=&#8220;initial&#8220; background_position=&#8220;top_left&#8220; background_repeat=&#8220;repeat-x&#8220; custom_margin=&#8220;0px|0px|0px|0px|false|false&#8220; custom_padding=&#8220;80px|0px|80px|0px|false|false&#8220; bottom_divider_style=&#8220;curve&#8220; bottom_divider_color=&#8220;#FFFFFF&#8220; box_shadow_style=&#8220;preset3&#8243; box_shadow_vertical=&#8220;-12px&#8220; box_shadow_blur=&#8220;40px&#8220; box_shadow_spread=&#8220;-23px&#8220; locked=&#8220;off&#8220; global_colors_info=&#8220;{}&#8220;][et_pb_row _builder_version=&#8220;4.16&#8243; _module_preset=&#8220;default&#8220; width=&#8220;100%&#8220; custom_margin=&#8220;0px|0px|-29px|0px|false|false&#8220; custom_padding=&#8220;0px|0px|0px|0px|false|false&#8220; global_colors_info=&#8220;{}&#8220;][et_pb_column type=&#8220;4_4&#8243; _builder_version=&#8220;4.16&#8243; _module_preset=&#8220;default&#8220; custom_padding=&#8220;|30px||30px|false|false&#8220; global_colors_info=&#8220;{}&#8220;][et_pb_text _builder_version=&#8220;4.16&#8243; _module_preset=&#8220;default&#8220; text_font=&#8220;|300|||||||&#8220; text_text_color=&#8220;#1b1b1b&#8220; text_font_size=&#8220;16px&#8220; text_line_height=&#8220;1.8em&#8220; header_2_font_size=&#8220;48px&#8220; max_width=&#8220;90%&#8220; module_alignment=&#8220;center&#8220; custom_margin=&#8220;0px|0px|0px|0px|false|false&#8220; custom_padding=&#8220;0px|0px|0px|0px|false|false&#8220; global_colors_info=&#8220;{}&#8220;]<em>Wenn Sie von Ihren Wanderungen zur\u00fcckkommen, l\u00e4dt der Schatten der B\u00e4ume in Ihrem heimischen Garten zum Entspannen ein, und f\u00fcr ruhige und geruhsame N\u00e4chte finden Sie stilvoll eingerichtete Doppel- und Dreibettzimmer mit Bad, TV, WLAN und Halbpension.<\/em>[\/et_pb_text][\/et_pb_column][\/et_pb_row][\/et_pb_section][et_pb_section fb_built=&#8220;1&#8243; _builder_version=&#8220;4.16&#8243; _module_preset=&#8220;default&#8220; background_enable_image=&#8220;off&#8220; background_size=&#8220;initial&#8220; background_position=&#8220;top_left&#8220; background_repeat=&#8220;repeat-x&#8220; custom_margin=&#8220;0px|0px|0px|0px|false|false&#8220; custom_padding=&#8220;0px|0px|0px|0px|false|false&#8220; bottom_divider_style=&#8220;curve&#8220; bottom_divider_color=&#8220;#FFFFFF&#8220; box_shadow_style=&#8220;preset3&#8243; box_shadow_vertical=&#8220;-12px&#8220; box_shadow_blur=&#8220;40px&#8220; box_shadow_spread=&#8220;-23px&#8220; global_colors_info=&#8220;{}&#8220;][et_pb_row _builder_version=&#8220;4.16&#8243; _module_preset=&#8220;default&#8220; width=&#8220;100%&#8220; custom_margin=&#8220;0px|0px|0px|0px|false|false&#8220; custom_padding=&#8220;0px|0px|0px|0px|false|false&#8220; global_colors_info=&#8220;{}&#8220;][et_pb_column type=&#8220;4_4&#8243; _builder_version=&#8220;4.16&#8243; _module_preset=&#8220;default&#8220; custom_padding=&#8220;||||false|false&#8220; global_colors_info=&#8220;{}&#8220;][et_pb_image src=&#8220;https:\/\/kmetija-flander.si\/wp-content\/uploads\/2022\/05\/zanimivosti_2.jpeg&#8220; title_text=&#8220;zanimivosti_2&#8243; show_bottom_space=&#8220;off&#8220; force_fullwidth=&#8220;on&#8220; _builder_version=&#8220;4.16&#8243; _module_preset=&#8220;default&#8220; custom_margin=&#8220;0px|0px|0px|0px|false|false&#8220; custom_padding=&#8220;0px|0px|0px|0px|false|false&#8220; global_colors_info=&#8220;{}&#8220;][\/et_pb_image][\/et_pb_column][\/et_pb_row][\/et_pb_section][et_pb_section fb_built=&#8220;1&#8243; module_id=&#8220;prazniki&#8220; _builder_version=&#8220;4.16&#8243; _module_preset=&#8220;default&#8220; background_image=&#8220;https:\/\/kmetija-flander.si\/wp-content\/uploads\/2022\/04\/divider-repeat-final-1.png&#8220; background_size=&#8220;initial&#8220; background_position=&#8220;top_left&#8220; background_repeat=&#8220;repeat-x&#8220; custom_margin=&#8220;0px|0px|0px|0px|false|false&#8220; custom_padding=&#8220;80px|0px|80px|0px|false|false&#8220; bottom_divider_style=&#8220;curve&#8220; bottom_divider_color=&#8220;#FFFFFF&#8220; box_shadow_style=&#8220;preset3&#8243; box_shadow_vertical=&#8220;-12px&#8220; box_shadow_blur=&#8220;40px&#8220; box_shadow_spread=&#8220;-23px&#8220; locked=&#8220;off&#8220; global_colors_info=&#8220;{}&#8220;][et_pb_row _builder_version=&#8220;4.16&#8243; _module_preset=&#8220;default&#8220; width=&#8220;100%&#8220; custom_margin=&#8220;0px|0px|-29px|0px|false|false&#8220; custom_padding=&#8220;0px|0px|0px|0px|false|false&#8220; global_colors_info=&#8220;{}&#8220;][et_pb_column type=&#8220;4_4&#8243; _builder_version=&#8220;4.16&#8243; _module_preset=&#8220;default&#8220; custom_padding=&#8220;|30px||30px|false|false&#8220; global_colors_info=&#8220;{}&#8220;][et_pb_text _builder_version=&#8220;4.16&#8243; _module_preset=&#8220;default&#8220; text_font=&#8220;|300|||||||&#8220; text_text_color=&#8220;#1b1b1b&#8220; text_font_size=&#8220;16px&#8220; text_line_height=&#8220;1.8em&#8220; header_2_font_size=&#8220;48px&#8220; header_3_font_size=&#8220;32px&#8220; max_width=&#8220;90%&#8220; module_alignment=&#8220;center&#8220; custom_margin=&#8220;0px|0px|0px|0px|false|false&#8220; custom_padding=&#8220;0px|0px|0px|0px|false|false&#8220; global_colors_info=&#8220;{}&#8220;]<em>Sie sind auch eingeladen, das Geh\u00f6ft des Schriftstellers France Bevk in Zakojca zu besuchen. Das renovierte Haus des Museums versetzt Sie zur\u00fcck in die Kindheit des Schriftstellers Ende des 19. Jahrhunderts. Die literaturhistorische Ausstellung spricht \u00fcber sein Schaffen.<\/em><\/p>\n<p><em>\u201eOhne meine Jugend in den Bergen g\u00e4be es keine \u201eKindheit\u201c, \u201eBunt\u201c, \u201eHirten\u201c, \u201eGrivars Kinder\u201c, nicht zuletzt \u201ePapa\u201c und \u201eKleiner Rebell\u201c und viele weitere meiner B\u00fccher\u201c,<\/em><\/p>\n<p><em>&#8211; France Bevk<\/em>[\/et_pb_text][et_pb_image src=&#8220;https:\/\/kmetija-flander.si\/wp-content\/uploads\/2022\/05\/france-bevk.jpg&#8220; title_text=&#8220;france-bevk&#8220; align=&#8220;center&#8220; _builder_version=&#8220;4.16&#8243; _module_preset=&#8220;default&#8220; max_width=&#8220;800px&#8220; custom_margin=&#8220;20px||20px||false|false&#8220; global_colors_info=&#8220;{}&#8220;][\/et_pb_image][et_pb_text _builder_version=&#8220;4.27.4&#8243; _module_preset=&#8220;default&#8220; text_font=&#8220;|300|||||||&#8220; text_text_color=&#8220;#1b1b1b&#8220; text_font_size=&#8220;16px&#8220; text_line_height=&#8220;1.8em&#8220; header_2_font_size=&#8220;48px&#8220; header_3_font_size=&#8220;32px&#8220; max_width=&#8220;90%&#8220; module_alignment=&#8220;center&#8220; custom_margin=&#8220;50px|0px|30px|0px|false|false&#8220; custom_padding=&#8220;0px|0px|0px|0px|false|false&#8220; hover_enabled=&#8220;0&#8243; global_colors_info=&#8220;{}&#8220; sticky_enabled=&#8220;0&#8243; locked=&#8220;off&#8220;]<\/p>\n<h3>Nahegelegene Orte und Veranstaltungen, die w\u00e4hrend Ihres Aufenthalts in Zakojca einen Besuch wert sind:<\/h3>\n<p><img loading=\"lazy\" decoding=\"async\" src=\"https:\/\/kmetija-flander.si\/wp-content\/uploads\/2022\/04\/divider-half.png\" width=\"99\" height=\"38\" alt=\"\" class=\"wp-image-116 alignnone size-full\" \/><\/p>\n<ul>\n<li><em>Cerkno mit dem historischen Partisanenkrankenhaus Franja und dem Museum des Cerkljansko-Erbes<\/em><\/li>\n<li><em>\u0160ebrelje, der Arch\u00e4ologische Park Divje Babe und die Neandertalerfl\u00f6te,<\/em><\/li>\n<li><em>das Skigebiet Cerkno\u2013\u010crni vrh mit wundersch\u00f6nen Skipisten oder Wander- und Radwegen mit Blick auf den Triglav<\/em><\/li>\n<li><em>Cerkno; Musik- (Jazz festival) und Kulinarikfestivals (Pajti\u010dka fest) sowie weitere Veranstaltungen, die kulturelles und nat\u00fcrliches Erbe, Natur, Gastronomie und die Authentizit\u00e4t der lokalen Bev\u00f6lkerung verbinden.<\/em><\/li>\n<li><em>Idrija mit seiner Bergbau- und Spitzenkl\u00f6ppel-Tradition sowie dem UNESCO Global Geopark Idrija<\/em><\/li>\n<li><em>Most na So\u010di mit der smaragdgr\u00fcnen So\u010da im Vordergrund und dem gesamten So\u010da-Tal von Bovec, Kobarid, Tolmin bis Nova Gorica<\/em><\/li>\n<li><em>Auch das \u0160kofja Loka H\u00fcgelland mit dem m\u00e4chtigen <strong>Blego\u0161 (1562 m)<\/strong> und \u0160kofja Loka mit seiner reichen Geschichte.<\/em><\/li>\n<\/ul>\n<p>[\/et_pb_text][\/et_pb_column][\/et_pb_row][\/et_pb_section][et_pb_section fb_built=&#8220;1&#8243; _builder_version=&#8220;4.16&#8243; _module_preset=&#8220;default&#8220; background_enable_image=&#8220;off&#8220; background_size=&#8220;initial&#8220; background_position=&#8220;top_left&#8220; background_repeat=&#8220;repeat-x&#8220; custom_margin=&#8220;0px|0px|0px|0px|false|false&#8220; custom_padding=&#8220;0px|0px|0px|0px|false|false&#8220; bottom_divider_style=&#8220;curve&#8220; bottom_divider_color=&#8220;#FFFFFF&#8220; box_shadow_style=&#8220;preset3&#8243; box_shadow_vertical=&#8220;-12px&#8220; box_shadow_blur=&#8220;40px&#8220; box_shadow_spread=&#8220;-23px&#8220; global_colors_info=&#8220;{}&#8220;][et_pb_row _builder_version=&#8220;4.16&#8243; _module_preset=&#8220;default&#8220; width=&#8220;100%&#8220; custom_margin=&#8220;0px|0px|0px|0px|false|false&#8220; custom_padding=&#8220;0px|0px|0px|0px|false|false&#8220; global_colors_info=&#8220;{}&#8220;][et_pb_column type=&#8220;4_4&#8243; _builder_version=&#8220;4.16&#8243; _module_preset=&#8220;default&#8220; custom_padding=&#8220;||||false|false&#8220; global_colors_info=&#8220;{}&#8220;][et_pb_image src=&#8220;https:\/\/kmetija-flander.si\/wp-content\/uploads\/2022\/05\/zanimivosti_1-1.jpeg&#8220; title_text=&#8220;zanimivosti_1&#8243; show_bottom_space=&#8220;off&#8220; force_fullwidth=&#8220;on&#8220; _builder_version=&#8220;4.16&#8243; _module_preset=&#8220;default&#8220; custom_margin=&#8220;0px|0px|0px|0px|false|false&#8220; custom_padding=&#8220;0px|0px|0px|0px|false|false&#8220; global_colors_info=&#8220;{}&#8220;][\/et_pb_image][\/et_pb_column][\/et_pb_row][\/et_pb_section][et_pb_section fb_built=&#8220;1&#8243; _builder_version=&#8220;4.16&#8243; _module_preset=&#8220;default&#8220; custom_padding=&#8220;0px||0px|||&#8220; global_colors_info=&#8220;{}&#8220;][et_pb_row _builder_version=&#8220;4.16&#8243; _module_preset=&#8220;default&#8220; width=&#8220;100%&#8220; custom_margin=&#8220;0px|0px|0px|0px|false|false&#8220; custom_padding=&#8220;5px|5px|5px|5px|false|false&#8220; global_colors_info=&#8220;{}&#8220;][et_pb_column type=&#8220;4_4&#8243; _builder_version=&#8220;4.16&#8243; _module_preset=&#8220;default&#8220; global_colors_info=&#8220;{}&#8220;][et_pb_gallery gallery_ids=&#8220;636,639,642,633,654,645,648,651&#8243; posts_number=&#8220;8&#8243; show_title_and_caption=&#8220;off&#8220; show_pagination=&#8220;off&#8220; _builder_version=&#8220;4.16&#8243; _module_preset=&#8220;default&#8220; custom_margin=&#8220;0px|0px|0px|0px|false|false&#8220; custom_padding=&#8220;0px|0px|0px|0px|false|false&#8220; border_width_all_image=&#8220;10px&#8220; border_color_all_image=&#8220;#FFFFFF&#8220; border_color_top_image=&#8220;#FFFFFF&#8220; global_colors_info=&#8220;{}&#8220;][\/et_pb_gallery][\/et_pb_column][\/et_pb_row][\/et_pb_section]<\/p>\n","protected":false},"excerpt":{"rendered":"<p>Attraktionen &amp; Aktivit\u00e4ten Sie sind eingeladen, K\u00f6rper und Seele baumeln zu lassen \u2013 sei es bei einem leichten Morgenspaziergang oder bei einer ganzt\u00e4gigen H\u00f6henwanderung auf den\u00a0KOJCA (1303 m),\u00a0POREZEN (1632 m)\u00a0oder\u00a0\u010cRNA PRST (1844 m). Eine nette \u00dcberraschung, besonders f\u00fcr die Kinder,\u00a0sind die Pferde, die alle ruhig im\u00a0Sattel\u00a0oder in der\u00a0Kutsche gehen. Wir f\u00fchren erfahrene Reiter auch auf [&hellip;]<\/p>\n","protected":false},"author":1,"featured_media":0,"parent":0,"menu_order":0,"comment_status":"closed","ping_status":"closed","template":"","meta":{"_et_pb_use_builder":"on","_et_pb_old_content":"","_et_gb_content_width":"","footnotes":""},"class_list":["post-756","page","type-page","status-publish","hentry"],"yoast_head":"<!-- This site is optimized with the Yoast SEO plugin v27.4 - https:\/\/yoast.com\/product\/yoast-seo-wordpress\/ -->\n<title>Attraktionen und Aktivit\u00e4ten - Turisti\u010dna kmetija &quot;Pri Flandru&quot; - Zakojca, Slovenija<\/title>\n<meta name=\"description\" content=\"Zahlreiche Freizeitm\u00f6glichkeiten auf unserem Hof &amp; in unmittelbarer N\u00e4he, wo sich auch das Geh\u00f6ft France Bevk befindet.\" \/>\n<meta name=\"robots\" content=\"index, follow, max-snippet:-1, max-image-preview:large, max-video-preview:-1\" \/>\n<link rel=\"canonical\" href=\"https:\/\/kmetija-flander.si\/de\/attraktionen-und-aktivitaeten\/\" \/>\n<meta property=\"og:locale\" content=\"de_DE\" \/>\n<meta property=\"og:type\" content=\"article\" \/>\n<meta property=\"og:title\" content=\"Attraktionen und Aktivit\u00e4ten - Turisti\u010dna kmetija &quot;Pri Flandru&quot; - Zakojca, Slovenija\" \/>\n<meta property=\"og:description\" content=\"Zahlreiche Freizeitm\u00f6glichkeiten auf unserem Hof &amp; in unmittelbarer N\u00e4he, wo sich auch das Geh\u00f6ft France Bevk befindet.\" \/>\n<meta property=\"og:url\" content=\"https:\/\/kmetija-flander.si\/de\/attraktionen-und-aktivitaeten\/\" \/>\n<meta property=\"og:site_name\" content=\"Turisti\u010dna kmetija &quot;Pri Flandru&quot; - Zakojca, Slovenija\" \/>\n<meta property=\"article:modified_time\" content=\"2026-02-13T10:20:31+00:00\" \/>\n<meta property=\"og:image\" content=\"https:\/\/kmetija-flander.si\/wp-content\/uploads\/2022\/04\/divider-half.png\" \/>\n<meta name=\"twitter:card\" content=\"summary_large_image\" \/>\n<meta name=\"twitter:label1\" content=\"Gesch\u00e4tzte Lesezeit\" \/>\n\t<meta name=\"twitter:data1\" content=\"4\u00a0Minuten\" \/>\n<script type=\"application\/ld+json\" class=\"yoast-schema-graph\">{\"@context\":\"https:\\\/\\\/schema.org\",\"@graph\":[{\"@type\":\"WebPage\",\"@id\":\"https:\\\/\\\/kmetija-flander.si\\\/de\\\/attraktionen-und-aktivitaeten\\\/\",\"url\":\"https:\\\/\\\/kmetija-flander.si\\\/de\\\/attraktionen-und-aktivitaeten\\\/\",\"name\":\"Attraktionen und Aktivit\u00e4ten - Turisti\u010dna kmetija &quot;Pri Flandru&quot; - Zakojca, Slovenija\",\"isPartOf\":{\"@id\":\"https:\\\/\\\/kmetija-flander.si\\\/de\\\/#website\"},\"primaryImageOfPage\":{\"@id\":\"https:\\\/\\\/kmetija-flander.si\\\/de\\\/attraktionen-und-aktivitaeten\\\/#primaryimage\"},\"image\":{\"@id\":\"https:\\\/\\\/kmetija-flander.si\\\/de\\\/attraktionen-und-aktivitaeten\\\/#primaryimage\"},\"thumbnailUrl\":\"https:\\\/\\\/kmetija-flander.si\\\/wp-content\\\/uploads\\\/2022\\\/04\\\/divider-half.png\",\"datePublished\":\"2022-05-12T08:04:13+00:00\",\"dateModified\":\"2026-02-13T10:20:31+00:00\",\"description\":\"Zahlreiche Freizeitm\u00f6glichkeiten auf unserem Hof & in unmittelbarer N\u00e4he, wo sich auch das Geh\u00f6ft France Bevk befindet.\",\"breadcrumb\":{\"@id\":\"https:\\\/\\\/kmetija-flander.si\\\/de\\\/attraktionen-und-aktivitaeten\\\/#breadcrumb\"},\"inLanguage\":\"de\",\"potentialAction\":[{\"@type\":\"ReadAction\",\"target\":[\"https:\\\/\\\/kmetija-flander.si\\\/de\\\/attraktionen-und-aktivitaeten\\\/\"]}]},{\"@type\":\"ImageObject\",\"inLanguage\":\"de\",\"@id\":\"https:\\\/\\\/kmetija-flander.si\\\/de\\\/attraktionen-und-aktivitaeten\\\/#primaryimage\",\"url\":\"https:\\\/\\\/kmetija-flander.si\\\/wp-content\\\/uploads\\\/2022\\\/04\\\/divider-half.png\",\"contentUrl\":\"https:\\\/\\\/kmetija-flander.si\\\/wp-content\\\/uploads\\\/2022\\\/04\\\/divider-half.png\"},{\"@type\":\"BreadcrumbList\",\"@id\":\"https:\\\/\\\/kmetija-flander.si\\\/de\\\/attraktionen-und-aktivitaeten\\\/#breadcrumb\",\"itemListElement\":[{\"@type\":\"ListItem\",\"position\":1,\"name\":\"Home\",\"item\":\"https:\\\/\\\/kmetija-flander.si\\\/de\\\/\"},{\"@type\":\"ListItem\",\"position\":2,\"name\":\"Attraktionen und Aktivit\u00e4ten\"}]},{\"@type\":\"WebSite\",\"@id\":\"https:\\\/\\\/kmetija-flander.si\\\/de\\\/#website\",\"url\":\"https:\\\/\\\/kmetija-flander.si\\\/de\\\/\",\"name\":\"Turisti\u010dna kmetija &quot;Pri Flandru&quot; - Zakojca, Slovenija\",\"description\":\"Dobrodo\u0161li! \\\/ Welcome!\",\"potentialAction\":[{\"@type\":\"SearchAction\",\"target\":{\"@type\":\"EntryPoint\",\"urlTemplate\":\"https:\\\/\\\/kmetija-flander.si\\\/de\\\/?s={search_term_string}\"},\"query-input\":{\"@type\":\"PropertyValueSpecification\",\"valueRequired\":true,\"valueName\":\"search_term_string\"}}],\"inLanguage\":\"de\"}]}<\/script>\n<!-- \/ Yoast SEO plugin. -->","yoast_head_json":{"title":"Attraktionen und Aktivit\u00e4ten - Turisti\u010dna kmetija &quot;Pri Flandru&quot; - Zakojca, Slovenija","description":"Zahlreiche Freizeitm\u00f6glichkeiten auf unserem Hof & in unmittelbarer N\u00e4he, wo sich auch das Geh\u00f6ft France Bevk befindet.","robots":{"index":"index","follow":"follow","max-snippet":"max-snippet:-1","max-image-preview":"max-image-preview:large","max-video-preview":"max-video-preview:-1"},"canonical":"https:\/\/kmetija-flander.si\/de\/attraktionen-und-aktivitaeten\/","og_locale":"de_DE","og_type":"article","og_title":"Attraktionen und Aktivit\u00e4ten - Turisti\u010dna kmetija &quot;Pri Flandru&quot; - Zakojca, Slovenija","og_description":"Zahlreiche Freizeitm\u00f6glichkeiten auf unserem Hof & in unmittelbarer N\u00e4he, wo sich auch das Geh\u00f6ft France Bevk befindet.","og_url":"https:\/\/kmetija-flander.si\/de\/attraktionen-und-aktivitaeten\/","og_site_name":"Turisti\u010dna kmetija &quot;Pri Flandru&quot; - Zakojca, Slovenija","article_modified_time":"2026-02-13T10:20:31+00:00","og_image":[{"url":"https:\/\/kmetija-flander.si\/wp-content\/uploads\/2022\/04\/divider-half.png","type":"","width":"","height":""}],"twitter_card":"summary_large_image","twitter_misc":{"Gesch\u00e4tzte Lesezeit":"4\u00a0Minuten"},"schema":{"@context":"https:\/\/schema.org","@graph":[{"@type":"WebPage","@id":"https:\/\/kmetija-flander.si\/de\/attraktionen-und-aktivitaeten\/","url":"https:\/\/kmetija-flander.si\/de\/attraktionen-und-aktivitaeten\/","name":"Attraktionen und Aktivit\u00e4ten - Turisti\u010dna kmetija &quot;Pri Flandru&quot; - Zakojca, Slovenija","isPartOf":{"@id":"https:\/\/kmetija-flander.si\/de\/#website"},"primaryImageOfPage":{"@id":"https:\/\/kmetija-flander.si\/de\/attraktionen-und-aktivitaeten\/#primaryimage"},"image":{"@id":"https:\/\/kmetija-flander.si\/de\/attraktionen-und-aktivitaeten\/#primaryimage"},"thumbnailUrl":"https:\/\/kmetija-flander.si\/wp-content\/uploads\/2022\/04\/divider-half.png","datePublished":"2022-05-12T08:04:13+00:00","dateModified":"2026-02-13T10:20:31+00:00","description":"Zahlreiche Freizeitm\u00f6glichkeiten auf unserem Hof & in unmittelbarer N\u00e4he, wo sich auch das Geh\u00f6ft France Bevk befindet.","breadcrumb":{"@id":"https:\/\/kmetija-flander.si\/de\/attraktionen-und-aktivitaeten\/#breadcrumb"},"inLanguage":"de","potentialAction":[{"@type":"ReadAction","target":["https:\/\/kmetija-flander.si\/de\/attraktionen-und-aktivitaeten\/"]}]},{"@type":"ImageObject","inLanguage":"de","@id":"https:\/\/kmetija-flander.si\/de\/attraktionen-und-aktivitaeten\/#primaryimage","url":"https:\/\/kmetija-flander.si\/wp-content\/uploads\/2022\/04\/divider-half.png","contentUrl":"https:\/\/kmetija-flander.si\/wp-content\/uploads\/2022\/04\/divider-half.png"},{"@type":"BreadcrumbList","@id":"https:\/\/kmetija-flander.si\/de\/attraktionen-und-aktivitaeten\/#breadcrumb","itemListElement":[{"@type":"ListItem","position":1,"name":"Home","item":"https:\/\/kmetija-flander.si\/de\/"},{"@type":"ListItem","position":2,"name":"Attraktionen und Aktivit\u00e4ten"}]},{"@type":"WebSite","@id":"https:\/\/kmetija-flander.si\/de\/#website","url":"https:\/\/kmetija-flander.si\/de\/","name":"Turisti\u010dna kmetija &quot;Pri Flandru&quot; - Zakojca, Slovenija","description":"Dobrodo\u0161li! \/ Welcome!","potentialAction":[{"@type":"SearchAction","target":{"@type":"EntryPoint","urlTemplate":"https:\/\/kmetija-flander.si\/de\/?s={search_term_string}"},"query-input":{"@type":"PropertyValueSpecification","valueRequired":true,"valueName":"search_term_string"}}],"inLanguage":"de"}]}},"_links":{"self":[{"href":"https:\/\/kmetija-flander.si\/de\/wp-json\/wp\/v2\/pages\/756","targetHints":{"allow":["GET"]}}],"collection":[{"href":"https:\/\/kmetija-flander.si\/de\/wp-json\/wp\/v2\/pages"}],"about":[{"href":"https:\/\/kmetija-flander.si\/de\/wp-json\/wp\/v2\/types\/page"}],"author":[{"embeddable":true,"href":"https:\/\/kmetija-flander.si\/de\/wp-json\/wp\/v2\/users\/1"}],"replies":[{"embeddable":true,"href":"https:\/\/kmetija-flander.si\/de\/wp-json\/wp\/v2\/comments?post=756"}],"version-history":[{"count":5,"href":"https:\/\/kmetija-flander.si\/de\/wp-json\/wp\/v2\/pages\/756\/revisions"}],"predecessor-version":[{"id":1135,"href":"https:\/\/kmetija-flander.si\/de\/wp-json\/wp\/v2\/pages\/756\/revisions\/1135"}],"wp:attachment":[{"href":"https:\/\/kmetija-flander.si\/de\/wp-json\/wp\/v2\/media?parent=756"}],"curies":[{"name":"wp","href":"https:\/\/api.w.org\/{rel}","templated":true}]}}