{"id":759,"date":"2022-05-12T08:31:15","date_gmt":"2022-05-12T08:31:15","guid":{"rendered":"https:\/\/kmetija-flander.si\/kontakt\/"},"modified":"2022-07-10T15:14:21","modified_gmt":"2022-07-10T15:14:21","slug":"kontakt","status":"publish","type":"page","link":"https:\/\/kmetija-flander.si\/de\/kontakt\/","title":{"rendered":"Kontakt"},"content":{"rendered":"<p>[et_pb_section fb_built=&#8220;1&#8243; _builder_version=&#8220;4.16&#8243; _module_preset=&#8220;default&#8220; custom_margin=&#8220;0px|0px|0px|0px|false|false&#8220; custom_padding=&#8220;0px|0px|0px|0px|false|false&#8220; bottom_divider_color=&#8220;#FFFFFF&#8220; bottom_divider_height=&#8220;30px&#8220; bottom_divider_arrangement=&#8220;above_content&#8220; bottom_divider_height_tablet=&#8220;30px&#8220; bottom_divider_height_phone=&#8220;15px&#8220; bottom_divider_height_last_edited=&#8220;on|desktop&#8220; global_colors_info=&#8220;{}&#8220;][et_pb_row _builder_version=&#8220;4.16&#8243; _module_preset=&#8220;default&#8220; width=&#8220;100%&#8220; custom_margin=&#8220;0px|0px|0px|0px|false|false&#8220; custom_padding=&#8220;0px|0px|0px|0px|false|false&#8220; global_colors_info=&#8220;{}&#8220;][et_pb_column type=&#8220;4_4&#8243; _builder_version=&#8220;4.16&#8243; _module_preset=&#8220;default&#8220; global_colors_info=&#8220;{}&#8220;][et_pb_image src=&#8220;https:\/\/kmetija-flander.si\/wp-content\/uploads\/2022\/05\/kontakt_naslovna.jpg&#8220; title_text=&#8220;kontakt_naslovna&#8220; _builder_version=&#8220;4.16&#8243; _module_preset=&#8220;default&#8220; global_colors_info=&#8220;{}&#8220;][\/et_pb_image][\/et_pb_column][\/et_pb_row][\/et_pb_section][et_pb_section fb_built=&#8220;1&#8243; _builder_version=&#8220;4.16&#8243; _module_preset=&#8220;default&#8220; background_image=&#8220;https:\/\/kmetija-flander.si\/wp-content\/uploads\/2022\/04\/divider-repeat-final-1.png&#8220; background_size=&#8220;initial&#8220; background_position=&#8220;top_left&#8220; background_repeat=&#8220;repeat-x&#8220; custom_margin=&#8220;-28px|0px|0px|0px|false|false&#8220; custom_padding=&#8220;80px|0px|50px|0px|false|false&#8220; bottom_divider_style=&#8220;curve&#8220; bottom_divider_color=&#8220;#FFFFFF&#8220; box_shadow_style=&#8220;preset3&#8243; box_shadow_vertical=&#8220;-12px&#8220; box_shadow_blur=&#8220;40px&#8220; box_shadow_spread=&#8220;-23px&#8220; global_colors_info=&#8220;{}&#8220;][et_pb_row column_structure=&#8220;3_5,2_5&#8243; _builder_version=&#8220;4.16&#8243; _module_preset=&#8220;default&#8220; width=&#8220;100%&#8220; custom_margin=&#8220;0px|0px|0px|0px|false|false&#8220; custom_padding=&#8220;0px|0px|0px|0px|false|false&#8220; global_colors_info=&#8220;{}&#8220;][et_pb_column type=&#8220;3_5&#8243; _builder_version=&#8220;4.16&#8243; _module_preset=&#8220;default&#8220; custom_padding=&#8220;|30px||30px|false|false&#8220; global_colors_info=&#8220;{}&#8220;][et_pb_text _builder_version=&#8220;4.17.4&#8243; _module_preset=&#8220;default&#8220; text_font=&#8220;|300|||||||&#8220; text_text_color=&#8220;#1b1b1b&#8220; text_font_size=&#8220;16px&#8220; text_line_height=&#8220;1.8em&#8220; header_2_font_size=&#8220;48px&#8220; max_width=&#8220;90%&#8220; module_alignment=&#8220;center&#8220; custom_margin=&#8220;0px|0px|0px|0px|false|false&#8220; custom_padding=&#8220;0px|0px|0px|0px|false|false&#8220; hover_enabled=&#8220;0&#8243; global_colors_info=&#8220;{}&#8220; sticky_enabled=&#8220;0&#8243;]<\/p>\n<h2 style=\"text-align: left;\">Kontakt<\/h2>\n<p><img loading=\"lazy\" decoding=\"async\" class=\"wp-image-116 alignnone size-full\" src=\"https:\/\/kmetija-flander.si\/wp-content\/uploads\/2022\/04\/divider-half.png\" alt=\"\" width=\"99\" height=\"38\" \/><\/p>\n<p><em>Turisti\u010dna kmetija Pri Flandru<\/em><br \/><em>Zakojca 1<\/em><br \/><em>5282 Cerkno<\/em><br \/><em>Slowenien<\/em><\/p>\n<p><em><strong>t:<\/strong>\u00a0<a href=\"tel:0038653779800\">00386 5 37 79 800<\/a><\/em><br \/><em><strong>m:<\/strong>\u00a0<a href=\"tel:0038631288142\">00386 31 288 142<\/a><\/em><br \/><em><strong>e:<\/strong>\u00a0<a href=\"mailto:info@kmetija-flander.si\">info@kmetija-flander.si<\/a><br \/><\/em><\/p>\n<p>&nbsp;<\/p>\n<p><em><img loading=\"lazy\" decoding=\"async\" class=\"wp-image-210 alignnone size-full\" src=\"https:\/\/kmetija-flander.si\/wp-content\/uploads\/2022\/04\/4jabolka.jpg\" alt=\"\" width=\"73\" height=\"75\" \/><\/em><\/p>\n<p>&nbsp;<\/p>\n<p><a title=\"Zeleni klju\u010d\" href=\"https:\/\/www.zelenikljuc.si\/\" target=\"_blank\" rel=\"noopener\"><em><img loading=\"lazy\" decoding=\"async\" class=\"wp-image-344 alignnone size-medium\" src=\"https:\/\/kmetija-flander.si\/wp-content\/uploads\/2022\/06\/Green-Key-logo-with-text-small-238x300.jpg\" alt=\"\" width=\"93\" height=\"117\" srcset=\"https:\/\/kmetija-flander.si\/wp-content\/uploads\/2022\/06\/Green-Key-logo-with-text-small-238x300.jpg 238w, https:\/\/kmetija-flander.si\/wp-content\/uploads\/2022\/06\/Green-Key-logo-with-text-small.jpg 265w\" sizes=\"(max-width: 93px) 100vw, 93px\" \/><\/em><\/a><\/p>\n<p>[\/et_pb_text][et_pb_code _builder_version=&#8220;4.16&#8243; _module_preset=&#8220;default&#8220; custom_margin=&#8220;50px||||false|false&#8220; global_colors_info=&#8220;{}&#8220;] <\/p>\n<div style=\"overflow:hidden;<!-- [et_pb_line_break_holder] -->    padding-bottom:70%;<!-- [et_pb_line_break_holder] -->    position:relative;<!-- [et_pb_line_break_holder] -->    height:0;&#8220;><!-- [et_pb_line_break_holder] --><iframe src=\"https:\/\/www.google.com\/maps\/embed?pb=!1m18!1m12!1m3!1d5843.567773159416!2d13.923369964107458!3d46.165757769420715!2m3!1f0!2f0!3f0!3m2!1i1024!2i768!4f13.1!3m3!1m2!1s0x0%3A0xa67479fba2b9d4f8!2sTuristi%C4%8Dna%20kmetija%20Pri%20Flandru!5e1!3m2!1ssl!2ssi!4v1652343620295!5m2!1ssl!2ssi\" style=\" left:0;<!-- [et_pb_line_break_holder] -->    top:0;<!-- [et_pb_line_break_holder] -->    height:100%;<!-- [et_pb_line_break_holder] -->    width:100%;<!-- [et_pb_line_break_holder] -->    position:absolute;&#8220; allowfullscreen=&#8220;&#8220; loading=&#8220;lazy&#8220; referrerpolicy=&#8220;no-referrer-when-downgrade&#8220;><\/iframe><!-- [et_pb_line_break_holder] --><\/div>\n<p>[\/et_pb_code][\/et_pb_column][et_pb_column type=&#8220;2_5&#8243; _builder_version=&#8220;4.16&#8243; _module_preset=&#8220;default&#8220; custom_padding=&#8220;|30px||30px|false|false&#8220; global_colors_info=&#8220;{}&#8220;][et_pb_contact_form use_spam_service=&#8220;on&#8220; recaptcha_list=&#8220;Flander|Flander-0&#8243; email=&#8220;info@kmetija-flander.si&#8220; title=&#8220;Anfrage&#8220; custom_message=&#8220;Povpra\u0161evanje iz spletne strani||et_pb_line_break_holder||- &#8211; &#8211; &#8211; &#8211; &#8211; &#8211; &#8211; &#8211; &#8211; -||et_pb_line_break_holder||Ime in priimek: %%ImePriimek%%||et_pb_line_break_holder||E-mail: %%Email%%||et_pb_line_break_holder||Telefonska \u0161tevilka: %%Telefon%%||et_pb_line_break_holder||||et_pb_line_break_holder||Vpra\u0161anje:||et_pb_line_break_holder||%%Message%%&#8220; success_message=&#8220;Anfrage erfolgreich versendet. Vielen Dank!&#8220; submit_button_text=&#8220;Senden&#8220; _builder_version=&#8220;4.16&#8243; _module_preset=&#8220;default&#8220; _unique_id=&#8220;086d4722-0aa3-4145-bfb6-02f040ab119e&#8220; title_level=&#8220;h2&#8243; title_font_size=&#8220;30px&#8220; custom_margin=&#8220;50px||||false|false&#8220; global_colors_info=&#8220;{}&#8220;][et_pb_contact_field field_id=&#8220;ImePriimek&#8220; field_title=&#8220;Name und Nachname *&#8220; fullwidth_field=&#8220;on&#8220; _builder_version=&#8220;4.16&#8243; global_colors_info=&#8220;{}&#8220; button_text_size__hover_enabled=&#8220;off&#8220; button_one_text_size__hover_enabled=&#8220;off&#8220; button_two_text_size__hover_enabled=&#8220;off&#8220; button_text_color__hover_enabled=&#8220;off&#8220; button_one_text_color__hover_enabled=&#8220;off&#8220; button_two_text_color__hover_enabled=&#8220;off&#8220; button_border_width__hover_enabled=&#8220;off&#8220; button_one_border_width__hover_enabled=&#8220;off&#8220; button_two_border_width__hover_enabled=&#8220;off&#8220; button_border_color__hover_enabled=&#8220;off&#8220; button_one_border_color__hover_enabled=&#8220;off&#8220; button_two_border_color__hover_enabled=&#8220;off&#8220; button_border_radius__hover_enabled=&#8220;off&#8220; button_one_border_radius__hover_enabled=&#8220;off&#8220; button_two_border_radius__hover_enabled=&#8220;off&#8220; button_letter_spacing__hover_enabled=&#8220;off&#8220; button_one_letter_spacing__hover_enabled=&#8220;off&#8220; button_two_letter_spacing__hover_enabled=&#8220;off&#8220; button_bg_color__hover_enabled=&#8220;off&#8220; button_one_bg_color__hover_enabled=&#8220;off&#8220; button_two_bg_color__hover_enabled=&#8220;off&#8220;][\/et_pb_contact_field][et_pb_contact_field field_id=&#8220;Email&#8220; field_title=&#8220;E-mail&#8220; field_type=&#8220;email&#8220; fullwidth_field=&#8220;on&#8220; _builder_version=&#8220;4.16&#8243; global_colors_info=&#8220;{}&#8220; button_text_size__hover_enabled=&#8220;off&#8220; button_one_text_size__hover_enabled=&#8220;off&#8220; button_two_text_size__hover_enabled=&#8220;off&#8220; button_text_color__hover_enabled=&#8220;off&#8220; button_one_text_color__hover_enabled=&#8220;off&#8220; button_two_text_color__hover_enabled=&#8220;off&#8220; button_border_width__hover_enabled=&#8220;off&#8220; button_one_border_width__hover_enabled=&#8220;off&#8220; button_two_border_width__hover_enabled=&#8220;off&#8220; button_border_color__hover_enabled=&#8220;off&#8220; button_one_border_color__hover_enabled=&#8220;off&#8220; button_two_border_color__hover_enabled=&#8220;off&#8220; button_border_radius__hover_enabled=&#8220;off&#8220; button_one_border_radius__hover_enabled=&#8220;off&#8220; button_two_border_radius__hover_enabled=&#8220;off&#8220; button_letter_spacing__hover_enabled=&#8220;off&#8220; button_one_letter_spacing__hover_enabled=&#8220;off&#8220; button_two_letter_spacing__hover_enabled=&#8220;off&#8220; button_bg_color__hover_enabled=&#8220;off&#8220; button_one_bg_color__hover_enabled=&#8220;off&#8220; button_two_bg_color__hover_enabled=&#8220;off&#8220;][\/et_pb_contact_field][et_pb_contact_field field_id=&#8220;Telefon&#8220; field_title=&#8220;Telefonnummer (optional)&#8220; required_mark=&#8220;off&#8220; fullwidth_field=&#8220;on&#8220; _builder_version=&#8220;4.16&#8243; _module_preset=&#8220;default&#8220; global_colors_info=&#8220;{}&#8220;][\/et_pb_contact_field][et_pb_contact_field field_id=&#8220;Message&#8220; field_title=&#8220;Ihre Frage oder Anfrage&#8220; field_type=&#8220;text&#8220; fullwidth_field=&#8220;on&#8220; _builder_version=&#8220;4.16&#8243; global_colors_info=&#8220;{}&#8220; button_text_size__hover_enabled=&#8220;off&#8220; button_one_text_size__hover_enabled=&#8220;off&#8220; button_two_text_size__hover_enabled=&#8220;off&#8220; button_text_color__hover_enabled=&#8220;off&#8220; button_one_text_color__hover_enabled=&#8220;off&#8220; button_two_text_color__hover_enabled=&#8220;off&#8220; button_border_width__hover_enabled=&#8220;off&#8220; button_one_border_width__hover_enabled=&#8220;off&#8220; button_two_border_width__hover_enabled=&#8220;off&#8220; button_border_color__hover_enabled=&#8220;off&#8220; button_one_border_color__hover_enabled=&#8220;off&#8220; button_two_border_color__hover_enabled=&#8220;off&#8220; button_border_radius__hover_enabled=&#8220;off&#8220; button_one_border_radius__hover_enabled=&#8220;off&#8220; button_two_border_radius__hover_enabled=&#8220;off&#8220; button_letter_spacing__hover_enabled=&#8220;off&#8220; button_one_letter_spacing__hover_enabled=&#8220;off&#8220; button_two_letter_spacing__hover_enabled=&#8220;off&#8220; button_bg_color__hover_enabled=&#8220;off&#8220; button_one_bg_color__hover_enabled=&#8220;off&#8220; button_two_bg_color__hover_enabled=&#8220;off&#8220;][\/et_pb_contact_field][\/et_pb_contact_form][et_pb_text _builder_version=&#8220;4.16&#8243; _module_preset=&#8220;default&#8220; header_3_font_size=&#8220;30px&#8220; custom_margin=&#8220;50px||||false|false&#8220; global_colors_info=&#8220;{}&#8220;]<\/p>\n<h3>Zimmerbuchung<\/h3>\n<p>[\/et_pb_text][et_pb_code _builder_version=&#8220;4.16&#8243; _module_preset=&#8220;default&#8220; global_colors_info=&#8220;{}&#8220;]<script src=\"\/\/www.bentral.com\/service\/embed\/booking.js?id=5f7a417a4e415f4d&#038;unit=5f7a51794f415f4e&#038;title=1&#038;width=full&#038;header-bg=5b8039&#038;header-color=fefefe&#038;header2-bg=9dc27c&#038;header2-color=ffffff&#038;table-bg=ffffff&#038;table-color=003300&#038;btn-bg=daecdb&#038;btn-color=003300&#038;border-color=86bb89&#038;poweredby=0&#038;lang=de&#038;key=5fbf1ab3575bdc621764bed59d349088\"><\/script>[\/et_pb_code][\/et_pb_column][\/et_pb_row][\/et_pb_section]<\/p>\n","protected":false},"excerpt":{"rendered":"<p>Kontakt Turisti\u010dna kmetija Pri FlandruZakojca 15282 CerknoSlowenien t:\u00a000386 5 37 79 800m:\u00a000386 31 288 142e:\u00a0info@kmetija-flander.si &nbsp; &nbsp;<\/p>\n","protected":false},"author":1,"featured_media":0,"parent":0,"menu_order":0,"comment_status":"closed","ping_status":"closed","template":"","meta":{"_et_pb_use_builder":"on","_et_pb_old_content":"","_et_gb_content_width":"","footnotes":""},"class_list":["post-759","page","type-page","status-publish","hentry"],"yoast_head":"<!-- This site is optimized with the Yoast SEO plugin v27.4 - https:\/\/yoast.com\/product\/yoast-seo-wordpress\/ -->\n<title>Kontakt - Turisti\u010dna kmetija &quot;Pri Flandru&quot; - Zakojca, Slovenija<\/title>\n<meta name=\"description\" content=\"Kontaktdaten f\u00fcr Anfragen, Tisch- oder Zimmerreservierung. M\u00f6glichkeit der einfachen und schnellen Buchung von Zimmern online.\" \/>\n<meta name=\"robots\" content=\"index, follow, max-snippet:-1, max-image-preview:large, max-video-preview:-1\" \/>\n<link rel=\"canonical\" href=\"https:\/\/kmetija-flander.si\/de\/kontakt\/\" \/>\n<meta property=\"og:locale\" content=\"de_DE\" \/>\n<meta property=\"og:type\" content=\"article\" \/>\n<meta property=\"og:title\" content=\"Kontakt - Turisti\u010dna kmetija &quot;Pri Flandru&quot; - Zakojca, Slovenija\" \/>\n<meta property=\"og:description\" content=\"Kontaktdaten f\u00fcr Anfragen, Tisch- oder Zimmerreservierung. M\u00f6glichkeit der einfachen und schnellen Buchung von Zimmern online.\" \/>\n<meta property=\"og:url\" content=\"https:\/\/kmetija-flander.si\/de\/kontakt\/\" \/>\n<meta property=\"og:site_name\" content=\"Turisti\u010dna kmetija &quot;Pri Flandru&quot; - Zakojca, Slovenija\" \/>\n<meta property=\"article:modified_time\" content=\"2022-07-10T15:14:21+00:00\" \/>\n<meta property=\"og:image\" content=\"https:\/\/kmetija-flander.si\/wp-content\/uploads\/2022\/04\/divider-half.png\" \/>\n<meta name=\"twitter:card\" content=\"summary_large_image\" \/>\n<meta name=\"twitter:label1\" content=\"Gesch\u00e4tzte Lesezeit\" \/>\n\t<meta name=\"twitter:data1\" content=\"2\u00a0Minuten\" \/>\n<script type=\"application\/ld+json\" class=\"yoast-schema-graph\">{\"@context\":\"https:\\\/\\\/schema.org\",\"@graph\":[{\"@type\":\"WebPage\",\"@id\":\"https:\\\/\\\/kmetija-flander.si\\\/de\\\/kontakt\\\/\",\"url\":\"https:\\\/\\\/kmetija-flander.si\\\/de\\\/kontakt\\\/\",\"name\":\"Kontakt - Turisti\u010dna kmetija &quot;Pri Flandru&quot; - Zakojca, Slovenija\",\"isPartOf\":{\"@id\":\"https:\\\/\\\/kmetija-flander.si\\\/de\\\/#website\"},\"primaryImageOfPage\":{\"@id\":\"https:\\\/\\\/kmetija-flander.si\\\/de\\\/kontakt\\\/#primaryimage\"},\"image\":{\"@id\":\"https:\\\/\\\/kmetija-flander.si\\\/de\\\/kontakt\\\/#primaryimage\"},\"thumbnailUrl\":\"https:\\\/\\\/kmetija-flander.si\\\/wp-content\\\/uploads\\\/2022\\\/04\\\/divider-half.png\",\"datePublished\":\"2022-05-12T08:31:15+00:00\",\"dateModified\":\"2022-07-10T15:14:21+00:00\",\"description\":\"Kontaktdaten f\u00fcr Anfragen, Tisch- oder Zimmerreservierung. M\u00f6glichkeit der einfachen und schnellen Buchung von Zimmern online.\",\"breadcrumb\":{\"@id\":\"https:\\\/\\\/kmetija-flander.si\\\/de\\\/kontakt\\\/#breadcrumb\"},\"inLanguage\":\"de\",\"potentialAction\":[{\"@type\":\"ReadAction\",\"target\":[\"https:\\\/\\\/kmetija-flander.si\\\/de\\\/kontakt\\\/\"]}]},{\"@type\":\"ImageObject\",\"inLanguage\":\"de\",\"@id\":\"https:\\\/\\\/kmetija-flander.si\\\/de\\\/kontakt\\\/#primaryimage\",\"url\":\"https:\\\/\\\/kmetija-flander.si\\\/wp-content\\\/uploads\\\/2022\\\/04\\\/divider-half.png\",\"contentUrl\":\"https:\\\/\\\/kmetija-flander.si\\\/wp-content\\\/uploads\\\/2022\\\/04\\\/divider-half.png\"},{\"@type\":\"BreadcrumbList\",\"@id\":\"https:\\\/\\\/kmetija-flander.si\\\/de\\\/kontakt\\\/#breadcrumb\",\"itemListElement\":[{\"@type\":\"ListItem\",\"position\":1,\"name\":\"Home\",\"item\":\"https:\\\/\\\/kmetija-flander.si\\\/de\\\/\"},{\"@type\":\"ListItem\",\"position\":2,\"name\":\"Kontakt\"}]},{\"@type\":\"WebSite\",\"@id\":\"https:\\\/\\\/kmetija-flander.si\\\/de\\\/#website\",\"url\":\"https:\\\/\\\/kmetija-flander.si\\\/de\\\/\",\"name\":\"Turisti\u010dna kmetija &quot;Pri Flandru&quot; - Zakojca, Slovenija\",\"description\":\"Dobrodo\u0161li! \\\/ Welcome!\",\"potentialAction\":[{\"@type\":\"SearchAction\",\"target\":{\"@type\":\"EntryPoint\",\"urlTemplate\":\"https:\\\/\\\/kmetija-flander.si\\\/de\\\/?s={search_term_string}\"},\"query-input\":{\"@type\":\"PropertyValueSpecification\",\"valueRequired\":true,\"valueName\":\"search_term_string\"}}],\"inLanguage\":\"de\"}]}<\/script>\n<!-- \/ Yoast SEO plugin. -->","yoast_head_json":{"title":"Kontakt - Turisti\u010dna kmetija &quot;Pri Flandru&quot; - Zakojca, Slovenija","description":"Kontaktdaten f\u00fcr Anfragen, Tisch- oder Zimmerreservierung. M\u00f6glichkeit der einfachen und schnellen Buchung von Zimmern online.","robots":{"index":"index","follow":"follow","max-snippet":"max-snippet:-1","max-image-preview":"max-image-preview:large","max-video-preview":"max-video-preview:-1"},"canonical":"https:\/\/kmetija-flander.si\/de\/kontakt\/","og_locale":"de_DE","og_type":"article","og_title":"Kontakt - Turisti\u010dna kmetija &quot;Pri Flandru&quot; - Zakojca, Slovenija","og_description":"Kontaktdaten f\u00fcr Anfragen, Tisch- oder Zimmerreservierung. M\u00f6glichkeit der einfachen und schnellen Buchung von Zimmern online.","og_url":"https:\/\/kmetija-flander.si\/de\/kontakt\/","og_site_name":"Turisti\u010dna kmetija &quot;Pri Flandru&quot; - Zakojca, Slovenija","article_modified_time":"2022-07-10T15:14:21+00:00","og_image":[{"url":"https:\/\/kmetija-flander.si\/wp-content\/uploads\/2022\/04\/divider-half.png","type":"","width":"","height":""}],"twitter_card":"summary_large_image","twitter_misc":{"Gesch\u00e4tzte Lesezeit":"2\u00a0Minuten"},"schema":{"@context":"https:\/\/schema.org","@graph":[{"@type":"WebPage","@id":"https:\/\/kmetija-flander.si\/de\/kontakt\/","url":"https:\/\/kmetija-flander.si\/de\/kontakt\/","name":"Kontakt - Turisti\u010dna kmetija &quot;Pri Flandru&quot; - Zakojca, Slovenija","isPartOf":{"@id":"https:\/\/kmetija-flander.si\/de\/#website"},"primaryImageOfPage":{"@id":"https:\/\/kmetija-flander.si\/de\/kontakt\/#primaryimage"},"image":{"@id":"https:\/\/kmetija-flander.si\/de\/kontakt\/#primaryimage"},"thumbnailUrl":"https:\/\/kmetija-flander.si\/wp-content\/uploads\/2022\/04\/divider-half.png","datePublished":"2022-05-12T08:31:15+00:00","dateModified":"2022-07-10T15:14:21+00:00","description":"Kontaktdaten f\u00fcr Anfragen, Tisch- oder Zimmerreservierung. M\u00f6glichkeit der einfachen und schnellen Buchung von Zimmern online.","breadcrumb":{"@id":"https:\/\/kmetija-flander.si\/de\/kontakt\/#breadcrumb"},"inLanguage":"de","potentialAction":[{"@type":"ReadAction","target":["https:\/\/kmetija-flander.si\/de\/kontakt\/"]}]},{"@type":"ImageObject","inLanguage":"de","@id":"https:\/\/kmetija-flander.si\/de\/kontakt\/#primaryimage","url":"https:\/\/kmetija-flander.si\/wp-content\/uploads\/2022\/04\/divider-half.png","contentUrl":"https:\/\/kmetija-flander.si\/wp-content\/uploads\/2022\/04\/divider-half.png"},{"@type":"BreadcrumbList","@id":"https:\/\/kmetija-flander.si\/de\/kontakt\/#breadcrumb","itemListElement":[{"@type":"ListItem","position":1,"name":"Home","item":"https:\/\/kmetija-flander.si\/de\/"},{"@type":"ListItem","position":2,"name":"Kontakt"}]},{"@type":"WebSite","@id":"https:\/\/kmetija-flander.si\/de\/#website","url":"https:\/\/kmetija-flander.si\/de\/","name":"Turisti\u010dna kmetija &quot;Pri Flandru&quot; - Zakojca, Slovenija","description":"Dobrodo\u0161li! \/ Welcome!","potentialAction":[{"@type":"SearchAction","target":{"@type":"EntryPoint","urlTemplate":"https:\/\/kmetija-flander.si\/de\/?s={search_term_string}"},"query-input":{"@type":"PropertyValueSpecification","valueRequired":true,"valueName":"search_term_string"}}],"inLanguage":"de"}]}},"_links":{"self":[{"href":"https:\/\/kmetija-flander.si\/de\/wp-json\/wp\/v2\/pages\/759","targetHints":{"allow":["GET"]}}],"collection":[{"href":"https:\/\/kmetija-flander.si\/de\/wp-json\/wp\/v2\/pages"}],"about":[{"href":"https:\/\/kmetija-flander.si\/de\/wp-json\/wp\/v2\/types\/page"}],"author":[{"embeddable":true,"href":"https:\/\/kmetija-flander.si\/de\/wp-json\/wp\/v2\/users\/1"}],"replies":[{"embeddable":true,"href":"https:\/\/kmetija-flander.si\/de\/wp-json\/wp\/v2\/comments?post=759"}],"version-history":[{"count":4,"href":"https:\/\/kmetija-flander.si\/de\/wp-json\/wp\/v2\/pages\/759\/revisions"}],"predecessor-version":[{"id":887,"href":"https:\/\/kmetija-flander.si\/de\/wp-json\/wp\/v2\/pages\/759\/revisions\/887"}],"wp:attachment":[{"href":"https:\/\/kmetija-flander.si\/de\/wp-json\/wp\/v2\/media?parent=759"}],"curies":[{"name":"wp","href":"https:\/\/api.w.org\/{rel}","templated":true}]}}