{"id":738,"date":"2022-05-12T08:04:13","date_gmt":"2022-05-12T08:04:13","guid":{"rendered":"https:\/\/kmetija-flander.si\/attrazioni-e-attivita\/"},"modified":"2026-02-13T10:19:34","modified_gmt":"2026-02-13T10:19:34","slug":"attrazioni-e-attivita","status":"publish","type":"page","link":"https:\/\/kmetija-flander.si\/it\/attrazioni-e-attivita\/","title":{"rendered":"Attrazioni e attivit\u00e0"},"content":{"rendered":"<p>[et_pb_section fb_built=&#8221;1&#8243; _builder_version=&#8221;4.16&#8243; _module_preset=&#8221;default&#8221; custom_margin=&#8221;0px|0px|0px|0px|false|false&#8221; custom_padding=&#8221;0px|0px|0px|0px|false|false&#8221; bottom_divider_color=&#8221;#FFFFFF&#8221; bottom_divider_height=&#8221;30px&#8221; bottom_divider_arrangement=&#8221;above_content&#8221; bottom_divider_height_tablet=&#8221;30px&#8221; bottom_divider_height_phone=&#8221;15px&#8221; bottom_divider_height_last_edited=&#8221;on|desktop&#8221; global_colors_info=&#8221;{}&#8221;][et_pb_row _builder_version=&#8221;4.16&#8243; _module_preset=&#8221;default&#8221; width=&#8221;100%&#8221; custom_margin=&#8221;0px|0px|0px|0px|false|false&#8221; custom_padding=&#8221;0px|0px|0px|0px|false|false&#8221; global_colors_info=&#8221;{}&#8221;][et_pb_column type=&#8221;4_4&#8243; _builder_version=&#8221;4.16&#8243; _module_preset=&#8221;default&#8221; global_colors_info=&#8221;{}&#8221;][et_pb_image src=&#8221;https:\/\/kmetija-flander.si\/wp-content\/uploads\/2022\/05\/naslovna_zanimivosti.jpeg&#8221; title_text=&#8221;naslovna_zanimivosti&#8221; _builder_version=&#8221;4.16&#8243; _module_preset=&#8221;default&#8221; global_colors_info=&#8221;{}&#8221;][\/et_pb_image][\/et_pb_column][\/et_pb_row][\/et_pb_section][et_pb_section fb_built=&#8221;1&#8243; _builder_version=&#8221;4.16&#8243; _module_preset=&#8221;default&#8221; background_image=&#8221;https:\/\/kmetija-flander.si\/wp-content\/uploads\/2022\/04\/divider-repeat-final-1.png&#8221; background_size=&#8221;initial&#8221; background_position=&#8221;top_left&#8221; background_repeat=&#8221;repeat-x&#8221; custom_margin=&#8221;-28px|0px|0px|0px|false|false&#8221; custom_padding=&#8221;80px|0px|50px|0px|false|false&#8221; bottom_divider_style=&#8221;curve&#8221; bottom_divider_color=&#8221;#FFFFFF&#8221; box_shadow_style=&#8221;preset3&#8243; box_shadow_vertical=&#8221;-12px&#8221; box_shadow_blur=&#8221;40px&#8221; box_shadow_spread=&#8221;-23px&#8221; global_colors_info=&#8221;{}&#8221;][et_pb_row _builder_version=&#8221;4.16&#8243; _module_preset=&#8221;default&#8221; width=&#8221;100%&#8221; custom_margin=&#8221;0px|0px|0px|0px|false|false&#8221; custom_padding=&#8221;0px|0px|0px|0px|false|false&#8221; global_colors_info=&#8221;{}&#8221;][et_pb_column type=&#8221;4_4&#8243; _builder_version=&#8221;4.16&#8243; _module_preset=&#8221;default&#8221; custom_padding=&#8221;|30px||30px|false|false&#8221; global_colors_info=&#8221;{}&#8221;][et_pb_text _builder_version=&#8221;4.16&#8243; _module_preset=&#8221;default&#8221; text_font=&#8221;|300|||||||&#8221; text_text_color=&#8221;#1b1b1b&#8221; text_font_size=&#8221;16px&#8221; text_line_height=&#8221;1.8em&#8221; header_2_font_size=&#8221;48px&#8221; max_width=&#8221;90%&#8221; module_alignment=&#8221;center&#8221; custom_margin=&#8221;0px|0px|0px|0px|false|false&#8221; custom_padding=&#8221;0px|0px|0px|0px|false|false&#8221; global_colors_info=&#8221;{}&#8221;]<\/p>\n<h2 style=\"text-align: left;\">Attrazioni &amp; attivit\u00e0<\/h2>\n<p><img loading=\"lazy\" decoding=\"async\" class=\"wp-image-116 alignnone size-full\" src=\"https:\/\/kmetija-flander.si\/wp-content\/uploads\/2022\/04\/divider-half.png\" alt=\"\" width=\"99\" height=\"38\" \/><\/p>\n<p><em>Zakojca e dintorni vi offrono l&#8217;opportunit\u00e0 di passare una mattinata passeggiando nei dintorni oppure affrontando camminate pi\u00f9 impegnative sulle cime di\u00a0<strong>KOJCA (1303m s.l.m.)<\/strong>,\u00a0<strong>POREZEN (1632m s.l.m.)<\/strong>\u00a0o\u00a0<strong>\u010cRNA PRST (1844 m s.l.m.)<\/strong>\u00a0per rilassare la mente e lo spirito.<\/em><\/p>\n<p><em><span style=\"font-size: 16px;\">I\u00a0<strong>cavalli<\/strong>\u00a0sono una piacevole sorpresa, soprattutto per i bambini che in sella o in carrozza possono essere accompagnati nei dintorni. Possiamo accompagnare i\u00a0<strong>cavalieri pi\u00f9 esperti<\/strong> nei paesi limitrofi o\u00a0un giro nella zona.<\/span><\/em>[\/et_pb_text][\/et_pb_column][\/et_pb_row][\/et_pb_section][et_pb_section fb_built=&#8221;1&#8243; _builder_version=&#8221;4.16&#8243; _module_preset=&#8221;default&#8221; background_enable_image=&#8221;off&#8221; background_size=&#8221;initial&#8221; background_position=&#8221;top_left&#8221; background_repeat=&#8221;repeat-x&#8221; custom_margin=&#8221;0px|0px|0px|0px|false|false&#8221; custom_padding=&#8221;0px|0px|0px|0px|false|false&#8221; bottom_divider_style=&#8221;curve&#8221; bottom_divider_color=&#8221;#FFFFFF&#8221; box_shadow_style=&#8221;preset3&#8243; box_shadow_vertical=&#8221;-12px&#8221; box_shadow_blur=&#8221;40px&#8221; box_shadow_spread=&#8221;-23px&#8221; global_colors_info=&#8221;{}&#8221;][et_pb_row _builder_version=&#8221;4.16&#8243; _module_preset=&#8221;default&#8221; width=&#8221;100%&#8221; custom_margin=&#8221;0px|0px|0px|0px|false|false&#8221; custom_padding=&#8221;0px|0px|0px|0px|false|false&#8221; global_colors_info=&#8221;{}&#8221;][et_pb_column type=&#8221;4_4&#8243; _builder_version=&#8221;4.16&#8243; _module_preset=&#8221;default&#8221; custom_padding=&#8221;||||false|false&#8221; global_colors_info=&#8221;{}&#8221;][et_pb_image src=&#8221;https:\/\/kmetija-flander.si\/wp-content\/uploads\/2022\/04\/97377511_1317892155063264_2456803958547546112_n.jpeg&#8221; title_text=&#8221;97377511_1317892155063264_2456803958547546112_n&#8221; show_bottom_space=&#8221;off&#8221; force_fullwidth=&#8221;on&#8221; _builder_version=&#8221;4.16&#8243; _module_preset=&#8221;default&#8221; custom_margin=&#8221;0px|0px|0px|0px|false|false&#8221; custom_padding=&#8221;0px|0px|0px|0px|false|false&#8221; global_colors_info=&#8221;{}&#8221;][\/et_pb_image][\/et_pb_column][\/et_pb_row][\/et_pb_section][et_pb_section fb_built=&#8221;1&#8243; _builder_version=&#8221;4.16&#8243; _module_preset=&#8221;default&#8221; background_image=&#8221;https:\/\/kmetija-flander.si\/wp-content\/uploads\/2022\/04\/divider-repeat-final-1.png&#8221; background_size=&#8221;initial&#8221; background_position=&#8221;top_left&#8221; background_repeat=&#8221;repeat-x&#8221; custom_margin=&#8221;0px|0px|0px|0px|false|false&#8221; custom_padding=&#8221;80px|0px|80px|0px|false|false&#8221; bottom_divider_style=&#8221;curve&#8221; bottom_divider_color=&#8221;#FFFFFF&#8221; box_shadow_style=&#8221;preset3&#8243; box_shadow_vertical=&#8221;-12px&#8221; box_shadow_blur=&#8221;40px&#8221; box_shadow_spread=&#8221;-23px&#8221; locked=&#8221;off&#8221; global_colors_info=&#8221;{}&#8221;][et_pb_row _builder_version=&#8221;4.16&#8243; _module_preset=&#8221;default&#8221; width=&#8221;100%&#8221; custom_margin=&#8221;0px|0px|-29px|0px|false|false&#8221; custom_padding=&#8221;0px|0px|0px|0px|false|false&#8221; global_colors_info=&#8221;{}&#8221;][et_pb_column type=&#8221;4_4&#8243; _builder_version=&#8221;4.16&#8243; _module_preset=&#8221;default&#8221; custom_padding=&#8221;|30px||30px|false|false&#8221; global_colors_info=&#8221;{}&#8221;][et_pb_text _builder_version=&#8221;4.16&#8243; _module_preset=&#8221;default&#8221; text_font=&#8221;|300|||||||&#8221; text_text_color=&#8221;#1b1b1b&#8221; text_font_size=&#8221;16px&#8221; text_line_height=&#8221;1.8em&#8221; header_2_font_size=&#8221;48px&#8221; max_width=&#8221;90%&#8221; module_alignment=&#8221;center&#8221; custom_margin=&#8221;0px|0px|0px|0px|false|false&#8221; custom_padding=&#8221;0px|0px|0px|0px|false|false&#8221; global_colors_info=&#8221;{}&#8221;]<em>Al rientro dalle vostre attivit\u00e0,\u00a0<strong>l&#8217;ombra degli alberi secolari nel giardino<\/strong> vi invita al riposo. Per il pernottamento vi offriamo stanze matrimoniali e matrimoniali con il letto aggiunto, tutte con bagno, televisione, connessione internet WiFi e servizio di mezza pensione.<\/em>[\/et_pb_text][\/et_pb_column][\/et_pb_row][\/et_pb_section][et_pb_section fb_built=&#8221;1&#8243; _builder_version=&#8221;4.16&#8243; _module_preset=&#8221;default&#8221; background_enable_image=&#8221;off&#8221; background_size=&#8221;initial&#8221; background_position=&#8221;top_left&#8221; background_repeat=&#8221;repeat-x&#8221; custom_margin=&#8221;0px|0px|0px|0px|false|false&#8221; custom_padding=&#8221;0px|0px|0px|0px|false|false&#8221; bottom_divider_style=&#8221;curve&#8221; bottom_divider_color=&#8221;#FFFFFF&#8221; box_shadow_style=&#8221;preset3&#8243; box_shadow_vertical=&#8221;-12px&#8221; box_shadow_blur=&#8221;40px&#8221; box_shadow_spread=&#8221;-23px&#8221; global_colors_info=&#8221;{}&#8221;][et_pb_row _builder_version=&#8221;4.16&#8243; _module_preset=&#8221;default&#8221; width=&#8221;100%&#8221; custom_margin=&#8221;0px|0px|0px|0px|false|false&#8221; custom_padding=&#8221;0px|0px|0px|0px|false|false&#8221; global_colors_info=&#8221;{}&#8221;][et_pb_column type=&#8221;4_4&#8243; _builder_version=&#8221;4.16&#8243; _module_preset=&#8221;default&#8221; custom_padding=&#8221;||||false|false&#8221; global_colors_info=&#8221;{}&#8221;][et_pb_image src=&#8221;https:\/\/kmetija-flander.si\/wp-content\/uploads\/2022\/05\/zanimivosti_2.jpeg&#8221; title_text=&#8221;zanimivosti_2&#8243; show_bottom_space=&#8221;off&#8221; force_fullwidth=&#8221;on&#8221; _builder_version=&#8221;4.16&#8243; _module_preset=&#8221;default&#8221; custom_margin=&#8221;0px|0px|0px|0px|false|false&#8221; custom_padding=&#8221;0px|0px|0px|0px|false|false&#8221; global_colors_info=&#8221;{}&#8221;][\/et_pb_image][\/et_pb_column][\/et_pb_row][\/et_pb_section][et_pb_section fb_built=&#8221;1&#8243; module_id=&#8221;prazniki&#8221; _builder_version=&#8221;4.16&#8243; _module_preset=&#8221;default&#8221; background_image=&#8221;https:\/\/kmetija-flander.si\/wp-content\/uploads\/2022\/04\/divider-repeat-final-1.png&#8221; background_size=&#8221;initial&#8221; background_position=&#8221;top_left&#8221; background_repeat=&#8221;repeat-x&#8221; custom_margin=&#8221;0px|0px|0px|0px|false|false&#8221; custom_padding=&#8221;80px|0px|80px|0px|false|false&#8221; bottom_divider_style=&#8221;curve&#8221; bottom_divider_color=&#8221;#FFFFFF&#8221; box_shadow_style=&#8221;preset3&#8243; box_shadow_vertical=&#8221;-12px&#8221; box_shadow_blur=&#8221;40px&#8221; box_shadow_spread=&#8221;-23px&#8221; locked=&#8221;off&#8221; global_colors_info=&#8221;{}&#8221;][et_pb_row _builder_version=&#8221;4.16&#8243; _module_preset=&#8221;default&#8221; width=&#8221;100%&#8221; custom_margin=&#8221;0px|0px|-29px|0px|false|false&#8221; custom_padding=&#8221;0px|0px|0px|0px|false|false&#8221; global_colors_info=&#8221;{}&#8221;][et_pb_column type=&#8221;4_4&#8243; _builder_version=&#8221;4.16&#8243; _module_preset=&#8221;default&#8221; custom_padding=&#8221;|30px||30px|false|false&#8221; global_colors_info=&#8221;{}&#8221;][et_pb_text _builder_version=&#8221;4.16&#8243; _module_preset=&#8221;default&#8221; text_font=&#8221;|300|||||||&#8221; text_text_color=&#8221;#1b1b1b&#8221; text_font_size=&#8221;16px&#8221; text_line_height=&#8221;1.8em&#8221; header_2_font_size=&#8221;48px&#8221; header_3_font_size=&#8221;32px&#8221; max_width=&#8221;90%&#8221; module_alignment=&#8221;center&#8221; custom_margin=&#8221;0px|0px|0px|0px|false|false&#8221; custom_padding=&#8221;0px|0px|0px|0px|false|false&#8221; global_colors_info=&#8221;{}&#8221;]<em>Vi invitiamo a Zakojca anche per visitare\u00a0<strong>la fattoria di France Bevk<\/strong>, uno scrittore sloveno, nativo di Zakojca. La sua casa ora ospita il museo che vi mostrer\u00e0 i tempi della sua infanzia alla fine del XIX seccolo, e una mostra literaria-storica vi spieghera pi\u00f9 del suo lavoro.<\/em><\/p>\n<p style=\"text-align: center;\"><em>&#8220;Se non fossi vissuto in montagna, non scriverei le storie come &#8220;Otro\u0161ka leta&#8221; (gli anni dell&#8217; infanzia), &#8220;Pestrna&#8221;, &#8220;Pastirci\u201d (i pastori), &#8220;Grivarjevi otroci\u201d (i bambini di Grivar), e neanche sciriverei &#8220;Tati\u010d&#8221; (il ladro), &#8220;Mali upornik&#8221; (il piccolo ribelle) e tantissimi altri libri&#8221;, <\/em><\/p>\n<p style=\"text-align: center;\"><em>France Bevk, scrittore sloveno.<\/em><\/p>\n<p>[\/et_pb_text][et_pb_image src=&#8221;https:\/\/kmetija-flander.si\/wp-content\/uploads\/2022\/05\/france-bevk.jpg&#8221; title_text=&#8221;france-bevk&#8221; align=&#8221;center&#8221; _builder_version=&#8221;4.16&#8243; _module_preset=&#8221;default&#8221; max_width=&#8221;800px&#8221; custom_margin=&#8221;20px||20px||false|false&#8221; global_colors_info=&#8221;{}&#8221;][\/et_pb_image][et_pb_text _builder_version=&#8221;4.27.4&#8243; _module_preset=&#8221;default&#8221; text_font=&#8221;|300|||||||&#8221; text_text_color=&#8221;#1b1b1b&#8221; text_font_size=&#8221;16px&#8221; text_line_height=&#8221;1.8em&#8221; header_2_font_size=&#8221;48px&#8221; header_3_font_size=&#8221;32px&#8221; max_width=&#8221;90%&#8221; module_alignment=&#8221;center&#8221; custom_margin=&#8221;50px|0px|30px|0px|false|false&#8221; custom_padding=&#8221;0px|0px|0px|0px|false|false&#8221; hover_enabled=&#8221;0&#8243; global_colors_info=&#8221;{}&#8221; sticky_enabled=&#8221;0&#8243; locked=&#8221;off&#8221;]<\/p>\n<h3>Luoghi ed eventi nelle vicinanze che meritano una visita durante il vostro soggiorno a Zakojca:<\/h3>\n<p><img loading=\"lazy\" decoding=\"async\" src=\"https:\/\/kmetija-flander.si\/wp-content\/uploads\/2022\/04\/divider-half.png\" width=\"99\" height=\"38\" alt=\"\" class=\"wp-image-116 alignnone size-full\" \/><\/p>\n<ul>\n<li><em>Cerkno con l\u2019ospedale storico Franja e il Museo del patrimonio di Cerkljanska<\/em><\/li>\n<li><em>\u0160ebrelje, il Parco archeologico Divje Babe e il flauto del Neanderthal,<\/em><\/li>\n<li><em>il comprensorio sciistico Cerkno\u2013\u010crni vrh con splendide piste da sci oppure sentieri escursionistici e ciclabili con vista sul Triglav<\/em><\/li>\n<li><em>Cerkno; festival musicali (Jazz festival) e gastronomici (Pajti\u010dka fest) e altri eventi che uniscono patrimonio culturale e naturale, natura, gastronomia e l\u2019autenticit\u00e0 della popolazione locale.<\/em><\/li>\n<li><em>Idrija con la sua storia mineraria e del merletto e il Geoparco Globale UNESCO Idrija<\/em><\/li>\n<li><em>Most na So\u010di con il fiume smeraldino So\u010da in primo piano e l\u2019intera valle dell\u2019Isonzo da Bovec, Kobarid, Tolmin fino a Nova Gorica<\/em><\/li>\n<li><em>Anche le colline di \u0160kofja Loka con il maestoso <strong>Blego\u0161 (1562 m)<\/strong> e \u0160kofja Loka con tutta la sua storia.<\/em><\/li>\n<\/ul>\n<p>[\/et_pb_text][\/et_pb_column][\/et_pb_row][\/et_pb_section][et_pb_section fb_built=&#8221;1&#8243; _builder_version=&#8221;4.16&#8243; _module_preset=&#8221;default&#8221; background_enable_image=&#8221;off&#8221; background_size=&#8221;initial&#8221; background_position=&#8221;top_left&#8221; background_repeat=&#8221;repeat-x&#8221; custom_margin=&#8221;0px|0px|0px|0px|false|false&#8221; custom_padding=&#8221;0px|0px|0px|0px|false|false&#8221; bottom_divider_style=&#8221;curve&#8221; bottom_divider_color=&#8221;#FFFFFF&#8221; box_shadow_style=&#8221;preset3&#8243; box_shadow_vertical=&#8221;-12px&#8221; box_shadow_blur=&#8221;40px&#8221; box_shadow_spread=&#8221;-23px&#8221; global_colors_info=&#8221;{}&#8221;][et_pb_row _builder_version=&#8221;4.16&#8243; _module_preset=&#8221;default&#8221; width=&#8221;100%&#8221; custom_margin=&#8221;0px|0px|0px|0px|false|false&#8221; custom_padding=&#8221;0px|0px|0px|0px|false|false&#8221; global_colors_info=&#8221;{}&#8221;][et_pb_column type=&#8221;4_4&#8243; _builder_version=&#8221;4.16&#8243; _module_preset=&#8221;default&#8221; custom_padding=&#8221;||||false|false&#8221; global_colors_info=&#8221;{}&#8221;][et_pb_image src=&#8221;https:\/\/kmetija-flander.si\/wp-content\/uploads\/2022\/05\/zanimivosti_1-1.jpeg&#8221; title_text=&#8221;zanimivosti_1&#8243; show_bottom_space=&#8221;off&#8221; force_fullwidth=&#8221;on&#8221; _builder_version=&#8221;4.16&#8243; _module_preset=&#8221;default&#8221; custom_margin=&#8221;0px|0px|0px|0px|false|false&#8221; custom_padding=&#8221;0px|0px|0px|0px|false|false&#8221; global_colors_info=&#8221;{}&#8221;][\/et_pb_image][\/et_pb_column][\/et_pb_row][\/et_pb_section][et_pb_section fb_built=&#8221;1&#8243; _builder_version=&#8221;4.16&#8243; _module_preset=&#8221;default&#8221; custom_padding=&#8221;0px||0px|||&#8221; global_colors_info=&#8221;{}&#8221;][et_pb_row _builder_version=&#8221;4.16&#8243; _module_preset=&#8221;default&#8221; width=&#8221;100%&#8221; custom_margin=&#8221;0px|0px|0px|0px|false|false&#8221; custom_padding=&#8221;5px|5px|5px|5px|false|false&#8221; global_colors_info=&#8221;{}&#8221;][et_pb_column type=&#8221;4_4&#8243; _builder_version=&#8221;4.16&#8243; _module_preset=&#8221;default&#8221; global_colors_info=&#8221;{}&#8221;][et_pb_gallery gallery_ids=&#8221;637,640,643,634,655,646,649,652&#8243; posts_number=&#8221;8&#8243; show_title_and_caption=&#8221;off&#8221; show_pagination=&#8221;off&#8221; _builder_version=&#8221;4.16&#8243; _module_preset=&#8221;default&#8221; custom_margin=&#8221;0px|0px|0px|0px|false|false&#8221; custom_padding=&#8221;0px|0px|0px|0px|false|false&#8221; border_width_all_image=&#8221;10px&#8221; border_color_all_image=&#8221;#FFFFFF&#8221; border_color_top_image=&#8221;#FFFFFF&#8221; global_colors_info=&#8221;{}&#8221;][\/et_pb_gallery][\/et_pb_column][\/et_pb_row][\/et_pb_section]<\/p>\n","protected":false},"excerpt":{"rendered":"<p>Attrazioni &amp; attivit\u00e0 Zakojca e dintorni vi offrono l&#8217;opportunit\u00e0 di passare una mattinata passeggiando nei dintorni oppure affrontando camminate pi\u00f9 impegnative sulle cime di\u00a0KOJCA (1303m s.l.m.),\u00a0POREZEN (1632m s.l.m.)\u00a0o\u00a0\u010cRNA PRST (1844 m s.l.m.)\u00a0per rilassare la mente e lo spirito. I\u00a0cavalli\u00a0sono una piacevole sorpresa, soprattutto per i bambini che in sella o in carrozza possono essere accompagnati [&hellip;]<\/p>\n","protected":false},"author":1,"featured_media":0,"parent":0,"menu_order":0,"comment_status":"closed","ping_status":"closed","template":"","meta":{"_et_pb_use_builder":"on","_et_pb_old_content":"","_et_gb_content_width":"","footnotes":""},"class_list":["post-738","page","type-page","status-publish","hentry"],"yoast_head":"<!-- This site is optimized with the Yoast SEO plugin v27.4 - https:\/\/yoast.com\/product\/yoast-seo-wordpress\/ -->\n<title>Attrazioni e attivit\u00e0 - Turisti\u010dna kmetija &quot;Pri Flandru&quot; - Zakojca, Slovenija<\/title>\n<meta name=\"description\" content=\"Numerose possibilit\u00e0 di trascorrere il tempo libero nella nostra fattoria e nelle immediate vicinanze, dove si trova anche la fattoria di France Bevk.\" \/>\n<meta name=\"robots\" content=\"index, follow, max-snippet:-1, max-image-preview:large, max-video-preview:-1\" \/>\n<link rel=\"canonical\" href=\"https:\/\/kmetija-flander.si\/it\/attrazioni-e-attivita\/\" \/>\n<meta property=\"og:locale\" content=\"it_IT\" \/>\n<meta property=\"og:type\" content=\"article\" \/>\n<meta property=\"og:title\" content=\"Attrazioni e attivit\u00e0 - Turisti\u010dna kmetija &quot;Pri Flandru&quot; - Zakojca, Slovenija\" \/>\n<meta property=\"og:description\" content=\"Numerose possibilit\u00e0 di trascorrere il tempo libero nella nostra fattoria e nelle immediate vicinanze, dove si trova anche la fattoria di France Bevk.\" \/>\n<meta property=\"og:url\" content=\"https:\/\/kmetija-flander.si\/it\/attrazioni-e-attivita\/\" \/>\n<meta property=\"og:site_name\" content=\"Turisti\u010dna kmetija &quot;Pri Flandru&quot; - Zakojca, Slovenija\" \/>\n<meta property=\"article:modified_time\" content=\"2026-02-13T10:19:34+00:00\" \/>\n<meta property=\"og:image\" content=\"https:\/\/kmetija-flander.si\/wp-content\/uploads\/2022\/04\/divider-half.png\" \/>\n<meta name=\"twitter:card\" content=\"summary_large_image\" \/>\n<meta name=\"twitter:label1\" content=\"Tempo di lettura stimato\" \/>\n\t<meta name=\"twitter:data1\" content=\"4 minuti\" \/>\n<script type=\"application\/ld+json\" class=\"yoast-schema-graph\">{\"@context\":\"https:\\\/\\\/schema.org\",\"@graph\":[{\"@type\":\"WebPage\",\"@id\":\"https:\\\/\\\/kmetija-flander.si\\\/it\\\/attrazioni-e-attivita\\\/\",\"url\":\"https:\\\/\\\/kmetija-flander.si\\\/it\\\/attrazioni-e-attivita\\\/\",\"name\":\"Attrazioni e attivit\u00e0 - Turisti\u010dna kmetija &quot;Pri Flandru&quot; - Zakojca, Slovenija\",\"isPartOf\":{\"@id\":\"https:\\\/\\\/kmetija-flander.si\\\/it\\\/#website\"},\"primaryImageOfPage\":{\"@id\":\"https:\\\/\\\/kmetija-flander.si\\\/it\\\/attrazioni-e-attivita\\\/#primaryimage\"},\"image\":{\"@id\":\"https:\\\/\\\/kmetija-flander.si\\\/it\\\/attrazioni-e-attivita\\\/#primaryimage\"},\"thumbnailUrl\":\"https:\\\/\\\/kmetija-flander.si\\\/wp-content\\\/uploads\\\/2022\\\/04\\\/divider-half.png\",\"datePublished\":\"2022-05-12T08:04:13+00:00\",\"dateModified\":\"2026-02-13T10:19:34+00:00\",\"description\":\"Numerose possibilit\u00e0 di trascorrere il tempo libero nella nostra fattoria e nelle immediate vicinanze, dove si trova anche la fattoria di France Bevk.\",\"breadcrumb\":{\"@id\":\"https:\\\/\\\/kmetija-flander.si\\\/it\\\/attrazioni-e-attivita\\\/#breadcrumb\"},\"inLanguage\":\"it-IT\",\"potentialAction\":[{\"@type\":\"ReadAction\",\"target\":[\"https:\\\/\\\/kmetija-flander.si\\\/it\\\/attrazioni-e-attivita\\\/\"]}]},{\"@type\":\"ImageObject\",\"inLanguage\":\"it-IT\",\"@id\":\"https:\\\/\\\/kmetija-flander.si\\\/it\\\/attrazioni-e-attivita\\\/#primaryimage\",\"url\":\"https:\\\/\\\/kmetija-flander.si\\\/wp-content\\\/uploads\\\/2022\\\/04\\\/divider-half.png\",\"contentUrl\":\"https:\\\/\\\/kmetija-flander.si\\\/wp-content\\\/uploads\\\/2022\\\/04\\\/divider-half.png\"},{\"@type\":\"BreadcrumbList\",\"@id\":\"https:\\\/\\\/kmetija-flander.si\\\/it\\\/attrazioni-e-attivita\\\/#breadcrumb\",\"itemListElement\":[{\"@type\":\"ListItem\",\"position\":1,\"name\":\"Home\",\"item\":\"https:\\\/\\\/kmetija-flander.si\\\/it\\\/\"},{\"@type\":\"ListItem\",\"position\":2,\"name\":\"Attrazioni e attivit\u00e0\"}]},{\"@type\":\"WebSite\",\"@id\":\"https:\\\/\\\/kmetija-flander.si\\\/it\\\/#website\",\"url\":\"https:\\\/\\\/kmetija-flander.si\\\/it\\\/\",\"name\":\"Turisti\u010dna kmetija &quot;Pri Flandru&quot; - Zakojca, Slovenija\",\"description\":\"Dobrodo\u0161li! \\\/ Welcome!\",\"potentialAction\":[{\"@type\":\"SearchAction\",\"target\":{\"@type\":\"EntryPoint\",\"urlTemplate\":\"https:\\\/\\\/kmetija-flander.si\\\/it\\\/?s={search_term_string}\"},\"query-input\":{\"@type\":\"PropertyValueSpecification\",\"valueRequired\":true,\"valueName\":\"search_term_string\"}}],\"inLanguage\":\"it-IT\"}]}<\/script>\n<!-- \/ Yoast SEO plugin. -->","yoast_head_json":{"title":"Attrazioni e attivit\u00e0 - Turisti\u010dna kmetija &quot;Pri Flandru&quot; - Zakojca, Slovenija","description":"Numerose possibilit\u00e0 di trascorrere il tempo libero nella nostra fattoria e nelle immediate vicinanze, dove si trova anche la fattoria di France Bevk.","robots":{"index":"index","follow":"follow","max-snippet":"max-snippet:-1","max-image-preview":"max-image-preview:large","max-video-preview":"max-video-preview:-1"},"canonical":"https:\/\/kmetija-flander.si\/it\/attrazioni-e-attivita\/","og_locale":"it_IT","og_type":"article","og_title":"Attrazioni e attivit\u00e0 - Turisti\u010dna kmetija &quot;Pri Flandru&quot; - Zakojca, Slovenija","og_description":"Numerose possibilit\u00e0 di trascorrere il tempo libero nella nostra fattoria e nelle immediate vicinanze, dove si trova anche la fattoria di France Bevk.","og_url":"https:\/\/kmetija-flander.si\/it\/attrazioni-e-attivita\/","og_site_name":"Turisti\u010dna kmetija &quot;Pri Flandru&quot; - Zakojca, Slovenija","article_modified_time":"2026-02-13T10:19:34+00:00","og_image":[{"url":"https:\/\/kmetija-flander.si\/wp-content\/uploads\/2022\/04\/divider-half.png","type":"","width":"","height":""}],"twitter_card":"summary_large_image","twitter_misc":{"Tempo di lettura stimato":"4 minuti"},"schema":{"@context":"https:\/\/schema.org","@graph":[{"@type":"WebPage","@id":"https:\/\/kmetija-flander.si\/it\/attrazioni-e-attivita\/","url":"https:\/\/kmetija-flander.si\/it\/attrazioni-e-attivita\/","name":"Attrazioni e attivit\u00e0 - Turisti\u010dna kmetija &quot;Pri Flandru&quot; - Zakojca, Slovenija","isPartOf":{"@id":"https:\/\/kmetija-flander.si\/it\/#website"},"primaryImageOfPage":{"@id":"https:\/\/kmetija-flander.si\/it\/attrazioni-e-attivita\/#primaryimage"},"image":{"@id":"https:\/\/kmetija-flander.si\/it\/attrazioni-e-attivita\/#primaryimage"},"thumbnailUrl":"https:\/\/kmetija-flander.si\/wp-content\/uploads\/2022\/04\/divider-half.png","datePublished":"2022-05-12T08:04:13+00:00","dateModified":"2026-02-13T10:19:34+00:00","description":"Numerose possibilit\u00e0 di trascorrere il tempo libero nella nostra fattoria e nelle immediate vicinanze, dove si trova anche la fattoria di France Bevk.","breadcrumb":{"@id":"https:\/\/kmetija-flander.si\/it\/attrazioni-e-attivita\/#breadcrumb"},"inLanguage":"it-IT","potentialAction":[{"@type":"ReadAction","target":["https:\/\/kmetija-flander.si\/it\/attrazioni-e-attivita\/"]}]},{"@type":"ImageObject","inLanguage":"it-IT","@id":"https:\/\/kmetija-flander.si\/it\/attrazioni-e-attivita\/#primaryimage","url":"https:\/\/kmetija-flander.si\/wp-content\/uploads\/2022\/04\/divider-half.png","contentUrl":"https:\/\/kmetija-flander.si\/wp-content\/uploads\/2022\/04\/divider-half.png"},{"@type":"BreadcrumbList","@id":"https:\/\/kmetija-flander.si\/it\/attrazioni-e-attivita\/#breadcrumb","itemListElement":[{"@type":"ListItem","position":1,"name":"Home","item":"https:\/\/kmetija-flander.si\/it\/"},{"@type":"ListItem","position":2,"name":"Attrazioni e attivit\u00e0"}]},{"@type":"WebSite","@id":"https:\/\/kmetija-flander.si\/it\/#website","url":"https:\/\/kmetija-flander.si\/it\/","name":"Turisti\u010dna kmetija &quot;Pri Flandru&quot; - Zakojca, Slovenija","description":"Dobrodo\u0161li! \/ Welcome!","potentialAction":[{"@type":"SearchAction","target":{"@type":"EntryPoint","urlTemplate":"https:\/\/kmetija-flander.si\/it\/?s={search_term_string}"},"query-input":{"@type":"PropertyValueSpecification","valueRequired":true,"valueName":"search_term_string"}}],"inLanguage":"it-IT"}]}},"_links":{"self":[{"href":"https:\/\/kmetija-flander.si\/it\/wp-json\/wp\/v2\/pages\/738","targetHints":{"allow":["GET"]}}],"collection":[{"href":"https:\/\/kmetija-flander.si\/it\/wp-json\/wp\/v2\/pages"}],"about":[{"href":"https:\/\/kmetija-flander.si\/it\/wp-json\/wp\/v2\/types\/page"}],"author":[{"embeddable":true,"href":"https:\/\/kmetija-flander.si\/it\/wp-json\/wp\/v2\/users\/1"}],"replies":[{"embeddable":true,"href":"https:\/\/kmetija-flander.si\/it\/wp-json\/wp\/v2\/comments?post=738"}],"version-history":[{"count":5,"href":"https:\/\/kmetija-flander.si\/it\/wp-json\/wp\/v2\/pages\/738\/revisions"}],"predecessor-version":[{"id":1132,"href":"https:\/\/kmetija-flander.si\/it\/wp-json\/wp\/v2\/pages\/738\/revisions\/1132"}],"wp:attachment":[{"href":"https:\/\/kmetija-flander.si\/it\/wp-json\/wp\/v2\/media?parent=738"}],"curies":[{"name":"wp","href":"https:\/\/api.w.org\/{rel}","templated":true}]}}