{"id":744,"date":"2022-05-10T12:43:32","date_gmt":"2022-05-10T12:43:32","guid":{"rendered":"https:\/\/kmetija-flander.si\/gastronomia\/"},"modified":"2026-02-13T09:40:31","modified_gmt":"2026-02-13T09:40:31","slug":"gastronomia","status":"publish","type":"page","link":"https:\/\/kmetija-flander.si\/it\/gastronomia\/","title":{"rendered":"Gastronomia"},"content":{"rendered":"<p>[et_pb_section fb_built=&#8221;1&#8243; _builder_version=&#8221;4.16&#8243; _module_preset=&#8221;default&#8221; custom_margin=&#8221;0px|0px|0px|0px|false|false&#8221; custom_padding=&#8221;0px|0px|0px|0px|false|false&#8221; bottom_divider_color=&#8221;#FFFFFF&#8221; bottom_divider_height=&#8221;30px&#8221; bottom_divider_arrangement=&#8221;above_content&#8221; bottom_divider_height_tablet=&#8221;30px&#8221; bottom_divider_height_phone=&#8221;15px&#8221; bottom_divider_height_last_edited=&#8221;on|desktop&#8221; global_colors_info=&#8221;{}&#8221;][et_pb_row _builder_version=&#8221;4.16&#8243; _module_preset=&#8221;default&#8221; width=&#8221;100%&#8221; custom_margin=&#8221;0px|0px|0px|0px|false|false&#8221; custom_padding=&#8221;0px|0px|0px|0px|false|false&#8221; global_colors_info=&#8221;{}&#8221;][et_pb_column type=&#8221;4_4&#8243; _builder_version=&#8221;4.16&#8243; _module_preset=&#8221;default&#8221; global_colors_info=&#8221;{}&#8221;][et_pb_image src=&#8221;https:\/\/kmetija-flander.si\/wp-content\/uploads\/2022\/05\/naslovna-kulinarika.jpeg&#8221; title_text=&#8221;naslovna-kulinarika&#8221; _builder_version=&#8221;4.16&#8243; _module_preset=&#8221;default&#8221; global_colors_info=&#8221;{}&#8221;][\/et_pb_image][\/et_pb_column][\/et_pb_row][\/et_pb_section][et_pb_section fb_built=&#8221;1&#8243; _builder_version=&#8221;4.16&#8243; _module_preset=&#8221;default&#8221; background_image=&#8221;https:\/\/kmetija-flander.si\/wp-content\/uploads\/2022\/04\/divider-repeat-final-1.png&#8221; background_size=&#8221;initial&#8221; background_position=&#8221;top_left&#8221; background_repeat=&#8221;repeat-x&#8221; custom_margin=&#8221;-28px|0px|0px|0px|false|false&#8221; custom_padding=&#8221;80px|0px|50px|0px|false|false&#8221; bottom_divider_style=&#8221;curve&#8221; bottom_divider_color=&#8221;#FFFFFF&#8221; box_shadow_style=&#8221;preset3&#8243; box_shadow_vertical=&#8221;-12px&#8221; box_shadow_blur=&#8221;40px&#8221; box_shadow_spread=&#8221;-23px&#8221; global_colors_info=&#8221;{}&#8221;][et_pb_row _builder_version=&#8221;4.16&#8243; _module_preset=&#8221;default&#8221; width=&#8221;100%&#8221; custom_margin=&#8221;0px|0px|0px|0px|false|false&#8221; custom_padding=&#8221;0px|0px|0px|0px|false|false&#8221; global_colors_info=&#8221;{}&#8221;][et_pb_column type=&#8221;4_4&#8243; _builder_version=&#8221;4.16&#8243; _module_preset=&#8221;default&#8221; custom_padding=&#8221;|30px||30px|false|false&#8221; global_colors_info=&#8221;{}&#8221;][et_pb_text _builder_version=&#8221;4.16&#8243; _module_preset=&#8221;default&#8221; text_font=&#8221;|300|||||||&#8221; text_text_color=&#8221;#1b1b1b&#8221; text_font_size=&#8221;16px&#8221; text_line_height=&#8221;1.8em&#8221; header_2_font_size=&#8221;48px&#8221; max_width=&#8221;90%&#8221; module_alignment=&#8221;center&#8221; custom_margin=&#8221;0px|0px|0px|0px|false|false&#8221; custom_padding=&#8221;0px|0px|0px|0px|false|false&#8221; global_colors_info=&#8221;{}&#8221;]<\/p>\n<h2 style=\"text-align: left;\">Gastronomia<\/h2>\n<p><img loading=\"lazy\" decoding=\"async\" class=\"wp-image-116 alignnone size-full\" src=\"https:\/\/kmetija-flander.si\/wp-content\/uploads\/2022\/04\/divider-half.png\" alt=\"\" width=\"99\" height=\"38\" \/><\/p>\n<p><em>Al rientro dalle vicine cime vi possiamo offrire\u00a0<strong>la grappa distillata dalle pere del nostro giardino, le grappe aromatizzate con le erbe aromatiche raccolte nei nostri prati e altre.<\/strong><\/em><\/p>\n<p><em>Accompagnati dal bicchiere di vino sloveno vi offriremo gli insaccati prodotti da noi con le carni dei suini allevati nei nostri pascoli ed il formaggio prodotto in casa.<\/em>[\/et_pb_text][\/et_pb_column][\/et_pb_row][\/et_pb_section][et_pb_section fb_built=&#8221;1&#8243; _builder_version=&#8221;4.16&#8243; _module_preset=&#8221;default&#8221; background_enable_image=&#8221;off&#8221; background_size=&#8221;initial&#8221; background_position=&#8221;top_left&#8221; background_repeat=&#8221;repeat-x&#8221; custom_margin=&#8221;0px|0px|0px|0px|false|false&#8221; custom_padding=&#8221;0px|0px|0px|0px|false|false&#8221; bottom_divider_style=&#8221;curve&#8221; bottom_divider_color=&#8221;#FFFFFF&#8221; box_shadow_style=&#8221;preset3&#8243; box_shadow_vertical=&#8221;-12px&#8221; box_shadow_blur=&#8221;40px&#8221; box_shadow_spread=&#8221;-23px&#8221; global_colors_info=&#8221;{}&#8221;][et_pb_row _builder_version=&#8221;4.16&#8243; _module_preset=&#8221;default&#8221; width=&#8221;100%&#8221; custom_margin=&#8221;0px|0px|0px|0px|false|false&#8221; custom_padding=&#8221;0px|0px|0px|0px|false|false&#8221; global_colors_info=&#8221;{}&#8221;][et_pb_column type=&#8221;4_4&#8243; _builder_version=&#8221;4.16&#8243; _module_preset=&#8221;default&#8221; custom_padding=&#8221;||||false|false&#8221; global_colors_info=&#8221;{}&#8221;][et_pb_image src=&#8221;https:\/\/kmetija-flander.si\/wp-content\/uploads\/2022\/05\/kulinarika-juha.jpeg&#8221; title_text=&#8221;kulinarika-juha&#8221; show_bottom_space=&#8221;off&#8221; force_fullwidth=&#8221;on&#8221; _builder_version=&#8221;4.16&#8243; _module_preset=&#8221;default&#8221; custom_margin=&#8221;0px|0px|0px|0px|false|false&#8221; custom_padding=&#8221;0px|0px|0px|0px|false|false&#8221; global_colors_info=&#8221;{}&#8221;][\/et_pb_image][\/et_pb_column][\/et_pb_row][\/et_pb_section][et_pb_section fb_built=&#8221;1&#8243; _builder_version=&#8221;4.16&#8243; _module_preset=&#8221;default&#8221; background_image=&#8221;https:\/\/kmetija-flander.si\/wp-content\/uploads\/2022\/04\/divider-repeat-final-1.png&#8221; background_size=&#8221;initial&#8221; background_position=&#8221;top_left&#8221; background_repeat=&#8221;repeat-x&#8221; custom_margin=&#8221;0px|0px|0px|0px|false|false&#8221; custom_padding=&#8221;80px|0px|80px|0px|false|false&#8221; bottom_divider_style=&#8221;curve&#8221; bottom_divider_color=&#8221;#FFFFFF&#8221; box_shadow_style=&#8221;preset3&#8243; box_shadow_vertical=&#8221;-12px&#8221; box_shadow_blur=&#8221;40px&#8221; box_shadow_spread=&#8221;-23px&#8221; locked=&#8221;off&#8221; global_colors_info=&#8221;{}&#8221;][et_pb_row _builder_version=&#8221;4.16&#8243; _module_preset=&#8221;default&#8221; width=&#8221;100%&#8221; custom_margin=&#8221;0px|0px|-29px|0px|false|false&#8221; custom_padding=&#8221;0px|0px|0px|0px|false|false&#8221; global_colors_info=&#8221;{}&#8221;][et_pb_column type=&#8221;4_4&#8243; _builder_version=&#8221;4.16&#8243; _module_preset=&#8221;default&#8221; custom_padding=&#8221;|30px||30px|false|false&#8221; global_colors_info=&#8221;{}&#8221;][et_pb_text _builder_version=&#8221;4.16&#8243; _module_preset=&#8221;default&#8221; text_font=&#8221;|300|||||||&#8221; text_text_color=&#8221;#1b1b1b&#8221; text_font_size=&#8221;16px&#8221; text_line_height=&#8221;1.8em&#8221; header_2_font_size=&#8221;48px&#8221; max_width=&#8221;90%&#8221; module_alignment=&#8221;center&#8221; custom_margin=&#8221;0px|0px|0px|0px|false|false&#8221; custom_padding=&#8221;0px|0px|0px|0px|false|false&#8221; global_colors_info=&#8221;{}&#8221;]<em>Il ricco pranzo con la vostra famiglia o con gli amici inizia con il tradizionale brodo di carne, continua con i famosi &#8220;\u017dlikrofi di Idrija&#8221; (pasta ripiena con patate) accompagnati da arrosto di manzo o maiale e una grande variet\u00e0 di verdure coltivate nell&#8217;orto di casa, preparate in modo tradizionale.<\/em><\/p>\n<p><em>Per chiudere in dolcezza, i &#8220;\u0161truklji&#8221; con ricotta o noci, il dessert pi\u00f9 rappresentativo della nostra tradizione oppure &#8220;\u0161trudelj&#8221; (lo strudel di mele) ed altre bont\u00e0 fatte in casa. La poesia si chiude con il caff\u00e8 preparato &#8220;alla vecchia maniera&#8221;, in tegamino come tantissimi anni fa.<\/em>[\/et_pb_text][et_pb_button button_url=&#8221;@ET-DC@eyJkeW5hbWljIjp0cnVlLCJjb250ZW50IjoicG9zdF9saW5rX3VybF9wYWdlIiwic2V0dGluZ3MiOnsicG9zdF9pZCI6IjMwNSJ9fQ==@&#8221; button_text=&#8221;Informazioni &#038; prenotazioni&#8221; button_alignment=&#8221;center&#8221; _builder_version=&#8221;4.16&#8243; _dynamic_attributes=&#8221;button_url&#8221; _module_preset=&#8221;default&#8221; custom_button=&#8221;on&#8221; button_text_size=&#8221;16px&#8221; button_text_color=&#8221;#FFFFFF&#8221; button_bg_color=&#8221;gcid-107301ef-d930-40dc-9a4d-34e7f3d79ba4&#8243; button_border_width=&#8221;0px&#8221; button_border_radius=&#8221;15px&#8221; button_letter_spacing=&#8221;1px&#8221; button_font=&#8221;|600|on||||||&#8221; button_icon=&#8221;&#x39;||divi||400&#8243; button_on_hover=&#8221;off&#8221; custom_margin=&#8221;20px|||25px|false|false&#8221; custom_padding=&#8221;8px|37px|8px|25px|false|false&#8221; box_shadow_style=&#8221;preset3&#8243; box_shadow_vertical=&#8221;10px&#8221; box_shadow_blur=&#8221;12px&#8221; box_shadow_color=&#8221;rgba(0,0,0,0.2)&#8221; locked=&#8221;off&#8221; global_colors_info=&#8221;{%22gcid-107301ef-d930-40dc-9a4d-34e7f3d79ba4%22:%91%22button_bg_color%22%93}&#8221; button_bg_color__hover_enabled=&#8221;on|desktop&#8221; button_bg_color__hover=&#8221;#5b8039&#8243; button_bg_enable_color__hover=&#8221;on&#8221;][\/et_pb_button][\/et_pb_column][\/et_pb_row][\/et_pb_section][et_pb_section fb_built=&#8221;1&#8243; _builder_version=&#8221;4.16&#8243; _module_preset=&#8221;default&#8221; background_enable_image=&#8221;off&#8221; background_size=&#8221;initial&#8221; background_position=&#8221;top_left&#8221; background_repeat=&#8221;repeat-x&#8221; custom_margin=&#8221;0px|0px|0px|0px|false|false&#8221; custom_padding=&#8221;0px|0px|0px|0px|false|false&#8221; bottom_divider_style=&#8221;curve&#8221; bottom_divider_color=&#8221;#FFFFFF&#8221; box_shadow_style=&#8221;preset3&#8243; box_shadow_vertical=&#8221;-12px&#8221; box_shadow_blur=&#8221;40px&#8221; box_shadow_spread=&#8221;-23px&#8221; global_colors_info=&#8221;{}&#8221;][et_pb_row _builder_version=&#8221;4.16&#8243; _module_preset=&#8221;default&#8221; width=&#8221;100%&#8221; custom_margin=&#8221;0px|0px|0px|0px|false|false&#8221; custom_padding=&#8221;0px|0px|0px|0px|false|false&#8221; global_colors_info=&#8221;{}&#8221;][et_pb_column type=&#8221;4_4&#8243; _builder_version=&#8221;4.16&#8243; _module_preset=&#8221;default&#8221; custom_padding=&#8221;||||false|false&#8221; global_colors_info=&#8221;{}&#8221;][et_pb_image src=&#8221;https:\/\/kmetija-flander.si\/wp-content\/uploads\/2022\/05\/kulinarika-glavna.jpeg&#8221; title_text=&#8221;kulinarika-glavna&#8221; show_bottom_space=&#8221;off&#8221; force_fullwidth=&#8221;on&#8221; _builder_version=&#8221;4.16&#8243; _module_preset=&#8221;default&#8221; custom_margin=&#8221;0px|0px|0px|0px|false|false&#8221; custom_padding=&#8221;0px|0px|0px|0px|false|false&#8221; global_colors_info=&#8221;{}&#8221;][\/et_pb_image][\/et_pb_column][\/et_pb_row][\/et_pb_section][et_pb_section fb_built=&#8221;1&#8243; module_id=&#8221;prazniki&#8221; _builder_version=&#8221;4.16&#8243; _module_preset=&#8221;default&#8221; background_image=&#8221;https:\/\/kmetija-flander.si\/wp-content\/uploads\/2022\/04\/divider-repeat-final-1.png&#8221; background_size=&#8221;initial&#8221; background_position=&#8221;top_left&#8221; background_repeat=&#8221;repeat-x&#8221; custom_margin=&#8221;0px|0px|0px|0px|false|false&#8221; custom_padding=&#8221;80px|0px|80px|0px|false|false&#8221; bottom_divider_style=&#8221;curve&#8221; bottom_divider_color=&#8221;#FFFFFF&#8221; box_shadow_style=&#8221;preset3&#8243; box_shadow_vertical=&#8221;-12px&#8221; box_shadow_blur=&#8221;40px&#8221; box_shadow_spread=&#8221;-23px&#8221; locked=&#8221;off&#8221; global_colors_info=&#8221;{}&#8221;][et_pb_row _builder_version=&#8221;4.16&#8243; _module_preset=&#8221;default&#8221; width=&#8221;100%&#8221; custom_margin=&#8221;0px|0px|-29px|0px|false|false&#8221; custom_padding=&#8221;0px|0px|0px|0px|false|false&#8221; global_colors_info=&#8221;{}&#8221;][et_pb_column type=&#8221;4_4&#8243; _builder_version=&#8221;4.16&#8243; _module_preset=&#8221;default&#8221; custom_padding=&#8221;|30px||30px|false|false&#8221; global_colors_info=&#8221;{}&#8221;][et_pb_text _builder_version=&#8221;4.16&#8243; _module_preset=&#8221;default&#8221; text_font=&#8221;|300|||||||&#8221; text_text_color=&#8221;#1b1b1b&#8221; text_font_size=&#8221;16px&#8221; text_line_height=&#8221;1.8em&#8221; header_2_font_size=&#8221;48px&#8221; header_3_font_size=&#8221;32px&#8221; max_width=&#8221;90%&#8221; module_alignment=&#8221;center&#8221; custom_margin=&#8221;0px|0px|0px|0px|false|false&#8221; custom_padding=&#8221;0px|0px|0px|0px|false|false&#8221; global_colors_info=&#8221;{}&#8221;]<\/p>\n<h2>Pranzo fatto in casa per gli occasioni speciali<\/h2>\n<p>Saremo felici di portare via le vostre preoccupazioni su cosa cucinare per gli occasioni speciali.<br \/>\nIn occasione del santo battesimo, comunione o cresima, in occasione della festa del tuo compleanno o di altra festa della vita, compileremo un men\u00f9 di carne o vegetariano con prodotti di produzione propria.<\/p>\n<p><strong><em>I menu domestici includono<\/em><\/strong><\/p>\n<ul>\n<li><em>benvenuto con aperitivo e pane<\/em><\/li>\n<li><em>zuppa fatta in casa<\/em><\/li>\n<li><em>piatto principale e insalata<\/em><\/li>\n<li><em>dolce con caff\u00e8<\/em><\/li>\n<\/ul>\n<p><em>Potete aggiungere al menu antipasti caldi o freddi.<\/em><\/p>\n<p><em>Ma per farla diventare una vacanza per tutti i vostri piccoli aspettano in giardino un gioco da giardino, e una vera carrozza trainata da cavalli vi aspetta tutti.<\/em><\/p>\n<p><em>Il bel tempo ti porter\u00e0 a fare una breve passeggiata attraverso il villaggio, a fare un&#8217;escursione su per la collina o alla fattoria dello scrittore France Bevk.<\/em><\/p>\n<p><em>Siete cordialmente invitati a Zakojca!<\/em>[\/et_pb_text][et_pb_button button_url=&#8221;@ET-DC@eyJkeW5hbWljIjp0cnVlLCJjb250ZW50IjoicG9zdF9saW5rX3VybF9wYWdlIiwic2V0dGluZ3MiOnsicG9zdF9pZCI6IjMwNSJ9fQ==@&#8221; button_text=&#8221;Informazioni &#038; prenotazioni&#8221; button_alignment=&#8221;center&#8221; _builder_version=&#8221;4.16&#8243; _dynamic_attributes=&#8221;button_url&#8221; _module_preset=&#8221;default&#8221; custom_button=&#8221;on&#8221; button_text_size=&#8221;16px&#8221; button_text_color=&#8221;#FFFFFF&#8221; button_bg_color=&#8221;gcid-107301ef-d930-40dc-9a4d-34e7f3d79ba4&#8243; button_border_width=&#8221;0px&#8221; button_border_radius=&#8221;15px&#8221; button_letter_spacing=&#8221;1px&#8221; button_font=&#8221;|600|on||||||&#8221; button_icon=&#8221;&#x39;||divi||400&#8243; button_on_hover=&#8221;off&#8221; custom_margin=&#8221;20px|||25px|false|false&#8221; custom_padding=&#8221;8px|37px|8px|25px|false|false&#8221; box_shadow_style=&#8221;preset3&#8243; box_shadow_vertical=&#8221;10px&#8221; box_shadow_blur=&#8221;12px&#8221; box_shadow_color=&#8221;rgba(0,0,0,0.2)&#8221; locked=&#8221;off&#8221; global_colors_info=&#8221;{%22gcid-107301ef-d930-40dc-9a4d-34e7f3d79ba4%22:%91%22button_bg_color%22%93}&#8221; button_bg_color__hover_enabled=&#8221;on|desktop&#8221; button_bg_color__hover=&#8221;#5b8039&#8243; button_bg_enable_color__hover=&#8221;on&#8221;][\/et_pb_button][\/et_pb_column][\/et_pb_row][\/et_pb_section][et_pb_section fb_built=&#8221;1&#8243; _builder_version=&#8221;4.16&#8243; _module_preset=&#8221;default&#8221; background_enable_image=&#8221;off&#8221; background_size=&#8221;initial&#8221; background_position=&#8221;top_left&#8221; background_repeat=&#8221;repeat-x&#8221; custom_margin=&#8221;0px|0px|0px|0px|false|false&#8221; custom_padding=&#8221;0px|0px|0px|0px|false|false&#8221; bottom_divider_style=&#8221;curve&#8221; bottom_divider_color=&#8221;#FFFFFF&#8221; box_shadow_style=&#8221;preset3&#8243; box_shadow_vertical=&#8221;-12px&#8221; box_shadow_blur=&#8221;40px&#8221; box_shadow_spread=&#8221;-23px&#8221; global_colors_info=&#8221;{}&#8221;][et_pb_row _builder_version=&#8221;4.16&#8243; _module_preset=&#8221;default&#8221; width=&#8221;100%&#8221; custom_margin=&#8221;0px|0px|0px|0px|false|false&#8221; custom_padding=&#8221;0px|0px|0px|0px|false|false&#8221; global_colors_info=&#8221;{}&#8221;][et_pb_column type=&#8221;4_4&#8243; _builder_version=&#8221;4.16&#8243; _module_preset=&#8221;default&#8221; custom_padding=&#8221;||||false|false&#8221; global_colors_info=&#8221;{}&#8221;][et_pb_image src=&#8221;https:\/\/kmetija-flander.si\/wp-content\/uploads\/2022\/05\/kulinarika-1.jpeg&#8221; title_text=&#8221;kulinarika-1&#8243; show_bottom_space=&#8221;off&#8221; force_fullwidth=&#8221;on&#8221; _builder_version=&#8221;4.16&#8243; _module_preset=&#8221;default&#8221; custom_margin=&#8221;0px|0px|0px|0px|false|false&#8221; custom_padding=&#8221;0px|0px|0px|0px|false|false&#8221; global_colors_info=&#8221;{}&#8221;][\/et_pb_image][\/et_pb_column][\/et_pb_row][\/et_pb_section][et_pb_section fb_built=&#8221;1&#8243; _builder_version=&#8221;4.16&#8243; _module_preset=&#8221;default&#8221; custom_padding=&#8221;0px||0px|||&#8221; global_colors_info=&#8221;{}&#8221;][et_pb_row _builder_version=&#8221;4.16&#8243; _module_preset=&#8221;default&#8221; width=&#8221;100%&#8221; custom_margin=&#8221;0px|0px|0px|0px|false|false&#8221; custom_padding=&#8221;5px|5px|5px|5px|false|false&#8221; global_colors_info=&#8221;{}&#8221;][et_pb_column type=&#8221;4_4&#8243; _builder_version=&#8221;4.16&#8243; _module_preset=&#8221;default&#8221; global_colors_info=&#8221;{}&#8221;][et_pb_gallery gallery_ids=&#8221;583,580,577,574,586,1106,1102,1098&#8243; posts_number=&#8221;8&#8243; show_title_and_caption=&#8221;off&#8221; show_pagination=&#8221;off&#8221; _builder_version=&#8221;4.16&#8243; _module_preset=&#8221;default&#8221; custom_margin=&#8221;0px|0px|0px|0px|false|false&#8221; custom_padding=&#8221;0px|0px|0px|0px|false|false&#8221; hover_enabled=&#8221;0&#8243; border_width_all_image=&#8221;10px&#8221; border_color_all_image=&#8221;#FFFFFF&#8221; border_color_top_image=&#8221;#FFFFFF&#8221; global_colors_info=&#8221;{}&#8221; sticky_enabled=&#8221;0&#8243;][\/et_pb_gallery][\/et_pb_column][\/et_pb_row][\/et_pb_section]<\/p>\n","protected":false},"excerpt":{"rendered":"<p>Gastronomia Al rientro dalle vicine cime vi possiamo offrire\u00a0la grappa distillata dalle pere del nostro giardino, le grappe aromatizzate con le erbe aromatiche raccolte nei nostri prati e altre. Accompagnati dal bicchiere di vino sloveno vi offriremo gli insaccati prodotti da noi con le carni dei suini allevati nei nostri pascoli ed il formaggio prodotto [&hellip;]<\/p>\n","protected":false},"author":1,"featured_media":0,"parent":0,"menu_order":0,"comment_status":"closed","ping_status":"closed","template":"","meta":{"_et_pb_use_builder":"on","_et_pb_old_content":"","_et_gb_content_width":"","footnotes":""},"class_list":["post-744","page","type-page","status-publish","hentry"],"yoast_head":"<!-- This site is optimized with the Yoast SEO plugin v27.4 - https:\/\/yoast.com\/product\/yoast-seo-wordpress\/ -->\n<title>Gastronomia - Turisti\u010dna kmetija &quot;Pri Flandru&quot; - Zakojca, Slovenija<\/title>\n<meta name=\"description\" content=\"Cucina casalinga genuina, sana e deliziosa, anche per gruppi o anniversari. Esperienze culinarie da non perdere. Buon appetito!\" \/>\n<meta name=\"robots\" content=\"index, follow, max-snippet:-1, max-image-preview:large, max-video-preview:-1\" \/>\n<link rel=\"canonical\" href=\"https:\/\/kmetija-flander.si\/it\/gastronomia\/\" \/>\n<meta property=\"og:locale\" content=\"it_IT\" \/>\n<meta property=\"og:type\" content=\"article\" \/>\n<meta property=\"og:title\" content=\"Gastronomia - Turisti\u010dna kmetija &quot;Pri Flandru&quot; - Zakojca, Slovenija\" \/>\n<meta property=\"og:description\" content=\"Cucina casalinga genuina, sana e deliziosa, anche per gruppi o anniversari. Esperienze culinarie da non perdere. Buon appetito!\" \/>\n<meta property=\"og:url\" content=\"https:\/\/kmetija-flander.si\/it\/gastronomia\/\" \/>\n<meta property=\"og:site_name\" content=\"Turisti\u010dna kmetija &quot;Pri Flandru&quot; - Zakojca, Slovenija\" \/>\n<meta property=\"article:modified_time\" content=\"2026-02-13T09:40:31+00:00\" \/>\n<meta property=\"og:image\" content=\"https:\/\/kmetija-flander.si\/wp-content\/uploads\/2022\/04\/divider-half.png\" \/>\n<meta name=\"twitter:card\" content=\"summary_large_image\" \/>\n<meta name=\"twitter:label1\" content=\"Tempo di lettura stimato\" \/>\n\t<meta name=\"twitter:data1\" content=\"5 minuti\" \/>\n<script type=\"application\/ld+json\" class=\"yoast-schema-graph\">{\"@context\":\"https:\\\/\\\/schema.org\",\"@graph\":[{\"@type\":\"WebPage\",\"@id\":\"https:\\\/\\\/kmetija-flander.si\\\/it\\\/gastronomia\\\/\",\"url\":\"https:\\\/\\\/kmetija-flander.si\\\/it\\\/gastronomia\\\/\",\"name\":\"Gastronomia - Turisti\u010dna kmetija &quot;Pri Flandru&quot; - Zakojca, Slovenija\",\"isPartOf\":{\"@id\":\"https:\\\/\\\/kmetija-flander.si\\\/it\\\/#website\"},\"primaryImageOfPage\":{\"@id\":\"https:\\\/\\\/kmetija-flander.si\\\/it\\\/gastronomia\\\/#primaryimage\"},\"image\":{\"@id\":\"https:\\\/\\\/kmetija-flander.si\\\/it\\\/gastronomia\\\/#primaryimage\"},\"thumbnailUrl\":\"https:\\\/\\\/kmetija-flander.si\\\/wp-content\\\/uploads\\\/2022\\\/04\\\/divider-half.png\",\"datePublished\":\"2022-05-10T12:43:32+00:00\",\"dateModified\":\"2026-02-13T09:40:31+00:00\",\"description\":\"Cucina casalinga genuina, sana e deliziosa, anche per gruppi o anniversari. Esperienze culinarie da non perdere. Buon appetito!\",\"breadcrumb\":{\"@id\":\"https:\\\/\\\/kmetija-flander.si\\\/it\\\/gastronomia\\\/#breadcrumb\"},\"inLanguage\":\"it-IT\",\"potentialAction\":[{\"@type\":\"ReadAction\",\"target\":[\"https:\\\/\\\/kmetija-flander.si\\\/it\\\/gastronomia\\\/\"]}]},{\"@type\":\"ImageObject\",\"inLanguage\":\"it-IT\",\"@id\":\"https:\\\/\\\/kmetija-flander.si\\\/it\\\/gastronomia\\\/#primaryimage\",\"url\":\"https:\\\/\\\/kmetija-flander.si\\\/wp-content\\\/uploads\\\/2022\\\/04\\\/divider-half.png\",\"contentUrl\":\"https:\\\/\\\/kmetija-flander.si\\\/wp-content\\\/uploads\\\/2022\\\/04\\\/divider-half.png\"},{\"@type\":\"BreadcrumbList\",\"@id\":\"https:\\\/\\\/kmetija-flander.si\\\/it\\\/gastronomia\\\/#breadcrumb\",\"itemListElement\":[{\"@type\":\"ListItem\",\"position\":1,\"name\":\"Home\",\"item\":\"https:\\\/\\\/kmetija-flander.si\\\/it\\\/\"},{\"@type\":\"ListItem\",\"position\":2,\"name\":\"Gastronomia\"}]},{\"@type\":\"WebSite\",\"@id\":\"https:\\\/\\\/kmetija-flander.si\\\/it\\\/#website\",\"url\":\"https:\\\/\\\/kmetija-flander.si\\\/it\\\/\",\"name\":\"Turisti\u010dna kmetija &quot;Pri Flandru&quot; - Zakojca, Slovenija\",\"description\":\"Dobrodo\u0161li! \\\/ Welcome!\",\"potentialAction\":[{\"@type\":\"SearchAction\",\"target\":{\"@type\":\"EntryPoint\",\"urlTemplate\":\"https:\\\/\\\/kmetija-flander.si\\\/it\\\/?s={search_term_string}\"},\"query-input\":{\"@type\":\"PropertyValueSpecification\",\"valueRequired\":true,\"valueName\":\"search_term_string\"}}],\"inLanguage\":\"it-IT\"}]}<\/script>\n<!-- \/ Yoast SEO plugin. -->","yoast_head_json":{"title":"Gastronomia - Turisti\u010dna kmetija &quot;Pri Flandru&quot; - Zakojca, Slovenija","description":"Cucina casalinga genuina, sana e deliziosa, anche per gruppi o anniversari. Esperienze culinarie da non perdere. Buon appetito!","robots":{"index":"index","follow":"follow","max-snippet":"max-snippet:-1","max-image-preview":"max-image-preview:large","max-video-preview":"max-video-preview:-1"},"canonical":"https:\/\/kmetija-flander.si\/it\/gastronomia\/","og_locale":"it_IT","og_type":"article","og_title":"Gastronomia - Turisti\u010dna kmetija &quot;Pri Flandru&quot; - Zakojca, Slovenija","og_description":"Cucina casalinga genuina, sana e deliziosa, anche per gruppi o anniversari. Esperienze culinarie da non perdere. Buon appetito!","og_url":"https:\/\/kmetija-flander.si\/it\/gastronomia\/","og_site_name":"Turisti\u010dna kmetija &quot;Pri Flandru&quot; - Zakojca, Slovenija","article_modified_time":"2026-02-13T09:40:31+00:00","og_image":[{"url":"https:\/\/kmetija-flander.si\/wp-content\/uploads\/2022\/04\/divider-half.png","type":"","width":"","height":""}],"twitter_card":"summary_large_image","twitter_misc":{"Tempo di lettura stimato":"5 minuti"},"schema":{"@context":"https:\/\/schema.org","@graph":[{"@type":"WebPage","@id":"https:\/\/kmetija-flander.si\/it\/gastronomia\/","url":"https:\/\/kmetija-flander.si\/it\/gastronomia\/","name":"Gastronomia - Turisti\u010dna kmetija &quot;Pri Flandru&quot; - Zakojca, Slovenija","isPartOf":{"@id":"https:\/\/kmetija-flander.si\/it\/#website"},"primaryImageOfPage":{"@id":"https:\/\/kmetija-flander.si\/it\/gastronomia\/#primaryimage"},"image":{"@id":"https:\/\/kmetija-flander.si\/it\/gastronomia\/#primaryimage"},"thumbnailUrl":"https:\/\/kmetija-flander.si\/wp-content\/uploads\/2022\/04\/divider-half.png","datePublished":"2022-05-10T12:43:32+00:00","dateModified":"2026-02-13T09:40:31+00:00","description":"Cucina casalinga genuina, sana e deliziosa, anche per gruppi o anniversari. Esperienze culinarie da non perdere. Buon appetito!","breadcrumb":{"@id":"https:\/\/kmetija-flander.si\/it\/gastronomia\/#breadcrumb"},"inLanguage":"it-IT","potentialAction":[{"@type":"ReadAction","target":["https:\/\/kmetija-flander.si\/it\/gastronomia\/"]}]},{"@type":"ImageObject","inLanguage":"it-IT","@id":"https:\/\/kmetija-flander.si\/it\/gastronomia\/#primaryimage","url":"https:\/\/kmetija-flander.si\/wp-content\/uploads\/2022\/04\/divider-half.png","contentUrl":"https:\/\/kmetija-flander.si\/wp-content\/uploads\/2022\/04\/divider-half.png"},{"@type":"BreadcrumbList","@id":"https:\/\/kmetija-flander.si\/it\/gastronomia\/#breadcrumb","itemListElement":[{"@type":"ListItem","position":1,"name":"Home","item":"https:\/\/kmetija-flander.si\/it\/"},{"@type":"ListItem","position":2,"name":"Gastronomia"}]},{"@type":"WebSite","@id":"https:\/\/kmetija-flander.si\/it\/#website","url":"https:\/\/kmetija-flander.si\/it\/","name":"Turisti\u010dna kmetija &quot;Pri Flandru&quot; - Zakojca, Slovenija","description":"Dobrodo\u0161li! \/ Welcome!","potentialAction":[{"@type":"SearchAction","target":{"@type":"EntryPoint","urlTemplate":"https:\/\/kmetija-flander.si\/it\/?s={search_term_string}"},"query-input":{"@type":"PropertyValueSpecification","valueRequired":true,"valueName":"search_term_string"}}],"inLanguage":"it-IT"}]}},"_links":{"self":[{"href":"https:\/\/kmetija-flander.si\/it\/wp-json\/wp\/v2\/pages\/744","targetHints":{"allow":["GET"]}}],"collection":[{"href":"https:\/\/kmetija-flander.si\/it\/wp-json\/wp\/v2\/pages"}],"about":[{"href":"https:\/\/kmetija-flander.si\/it\/wp-json\/wp\/v2\/types\/page"}],"author":[{"embeddable":true,"href":"https:\/\/kmetija-flander.si\/it\/wp-json\/wp\/v2\/users\/1"}],"replies":[{"embeddable":true,"href":"https:\/\/kmetija-flander.si\/it\/wp-json\/wp\/v2\/comments?post=744"}],"version-history":[{"count":5,"href":"https:\/\/kmetija-flander.si\/it\/wp-json\/wp\/v2\/pages\/744\/revisions"}],"predecessor-version":[{"id":1112,"href":"https:\/\/kmetija-flander.si\/it\/wp-json\/wp\/v2\/pages\/744\/revisions\/1112"}],"wp:attachment":[{"href":"https:\/\/kmetija-flander.si\/it\/wp-json\/wp\/v2\/media?parent=744"}],"curies":[{"name":"wp","href":"https:\/\/api.w.org\/{rel}","templated":true}]}}